{"id":1359,"date":"2025-07-29T18:13:50","date_gmt":"2025-07-29T18:13:50","guid":{"rendered":"https:\/\/sa-baustoffe.com\/?page_id=1359"},"modified":"2025-07-30T13:19:51","modified_gmt":"2025-07-30T13:19:51","slug":"datenschutzerklaerung","status":"publish","type":"page","link":"https:\/\/sa-baustoffe.de\/en\/datenschutzerklaerung\/","title":{"rendered":"Datenschutzerkl\u00e4rung"},"content":{"rendered":"<div data-elementor-type=\"wp-page\" data-elementor-id=\"1359\" class=\"elementor elementor-1359\">\n\t\t\t\t<div class=\"elementor-element elementor-element-0eb82eb e-flex e-con-boxed e-con e-parent\" data-id=\"0eb82eb\" data-element_type=\"container\" data-e-type=\"container\">\n\t\t\t\t\t<div class=\"e-con-inner\">\n\t\t\t\t<div class=\"elementor-element elementor-element-4a50a7e elementor-widget elementor-widget-heading\" data-id=\"4a50a7e\" data-element_type=\"widget\" data-e-type=\"widget\" data-widget_type=\"heading.default\">\n\t\t\t\t\t<h1 class=\"elementor-heading-title elementor-size-default\">Datenschutzerkl\u00e4rung<\/h1>\t\t\t\t<\/div>\n\t\t\t\t<div class=\"elementor-element elementor-element-c3c5879 elementor-widget elementor-widget-heading\" data-id=\"c3c5879\" data-element_type=\"widget\" data-e-type=\"widget\" data-widget_type=\"heading.default\">\n\t\t\t\t\t<h3 class=\"elementor-heading-title elementor-size-default\">Allgemeine Hinweise zur Datenverarbeitung<\/h3>\t\t\t\t<\/div>\n\t\t\t\t<div class=\"elementor-element elementor-element-9605040 elementor-widget elementor-widget-text-editor\" data-id=\"9605040\" data-element_type=\"widget\" data-e-type=\"widget\" data-widget_type=\"text-editor.default\">\n\t\t\t\t\t\t\t\t\t<p>Die folgenden Hinweise geben einen einfachen \u00dcberblick dar\u00fcber, was mit Ihren personenbezogenen Daten passiert, wenn Sie unsere Website besuchen. Personenbezogene Daten sind alle Daten, mit denen Sie pers\u00f6nlich identifiziert werden k\u00f6nnen.<\/p>\t\t\t\t\t\t\t\t<\/div>\n\t\t\t\t<div class=\"elementor-element elementor-element-60c6787 elementor-widget elementor-widget-heading\" data-id=\"60c6787\" data-element_type=\"widget\" data-e-type=\"widget\" data-widget_type=\"heading.default\">\n\t\t\t\t\t<h2 class=\"elementor-heading-title elementor-size-default\">Verantwortlicher<\/h2>\t\t\t\t<\/div>\n\t\t\t\t<div class=\"elementor-element elementor-element-3860e60 elementor-widget elementor-widget-text-editor\" data-id=\"3860e60\" data-element_type=\"widget\" data-e-type=\"widget\" data-widget_type=\"text-editor.default\">\n\t\t\t\t\t\t\t\t\t<p><strong data-start=\"872\" data-end=\"881\">Name:<\/strong> Alexandr Slusarenco<br data-start=\"901\" data-end=\"904\" \/><strong data-start=\"904\" data-end=\"916\">Adresse:<\/strong> Schlesierweg 5, 30823 Garbsen, Deutschland<br data-start=\"959\" data-end=\"962\" \/><strong data-start=\"962\" data-end=\"974\">Telefon:<\/strong> +49 179 6048315<br data-start=\"990\" data-end=\"993\" \/><strong data-start=\"993\" data-end=\"1004\">E-Mail:<\/strong> <a rel=\"noopener\" data-start=\"1005\" data-end=\"1026\">info@as-baustoffe.com<\/a><\/p>\t\t\t\t\t\t\t\t<\/div>\n\t\t\t\t<div class=\"elementor-element elementor-element-61973af elementor-widget elementor-widget-heading\" data-id=\"61973af\" data-element_type=\"widget\" data-e-type=\"widget\" data-widget_type=\"heading.default\">\n\t\t\t\t\t<h2 class=\"elementor-heading-title elementor-size-default\">Zugriffsdaten \/ Server-Logfiles<\/h2>\t\t\t\t<\/div>\n\t\t\t\t<div class=\"elementor-element elementor-element-b74bcd6 elementor-widget elementor-widget-text-editor\" data-id=\"b74bcd6\" data-element_type=\"widget\" data-e-type=\"widget\" data-widget_type=\"text-editor.default\">\n\t\t\t\t\t\t\t\t\t<p data-start=\"1147\" data-end=\"1458\">Beim Besuch unserer Website werden automatisch Informationen allgemeiner Natur erfasst. Diese Informationen (Server-Logfiles) beinhalten z.\u202fB. die IP-Adresse, der verwendete Browser, das Betriebssystem, den Domainnamen Ihres Internet-Service-Providers, Datum und Uhrzeit des Zugriffs und \u00e4hnliche Informationen.<\/p><p data-start=\"1147\" data-end=\"1458\"><span style=\"font-style: inherit; font-weight: inherit;\">Die Verarbeitung erfolgt gem\u00e4\u00df Art. 6 Abs. 1 lit. f DSGVO auf Grundlage unseres berechtigten Interesses an der Stabilit\u00e4t und Sicherheit der Website.<\/span><\/p>\t\t\t\t\t\t\t\t<\/div>\n\t\t\t\t<div class=\"elementor-element elementor-element-4fbbff0 elementor-widget elementor-widget-heading\" data-id=\"4fbbff0\" data-element_type=\"widget\" data-e-type=\"widget\" data-widget_type=\"heading.default\">\n\t\t\t\t\t<h2 class=\"elementor-heading-title elementor-size-default\">Kontaktaufnahme<\/h2>\t\t\t\t<\/div>\n\t\t\t\t<div class=\"elementor-element elementor-element-efd0d18 elementor-widget elementor-widget-text-editor\" data-id=\"efd0d18\" data-element_type=\"widget\" data-e-type=\"widget\" data-widget_type=\"text-editor.default\">\n\t\t\t\t\t\t\t\t\t<p data-start=\"1710\" data-end=\"1901\">Wenn Sie uns per E-Mail oder \u00fcber ein Kontaktformular kontaktieren, werden die Angaben Ihrer Anfrage inklusive aller daraus hervorgehenden personenbezogenen Daten gespeichert und verarbeitet.<\/p><p data-start=\"1903\" data-end=\"1921\">Rechtsgrundlage:<\/p><p>\u00a0<\/p><ul data-start=\"1922\" data-end=\"2049\"><li data-start=\"1922\" data-end=\"1990\"><p data-start=\"1924\" data-end=\"1990\">Art. 6 Abs. 1 lit. b DSGVO (Vertrag \/ vorvertragliche Ma\u00dfnahmen)<\/p><\/li><li data-start=\"1991\" data-end=\"2049\"><p data-start=\"1993\" data-end=\"2049\">oder Art. 6 Abs. 1 lit. f DSGVO (berechtigtes Interesse)<\/p><\/li><\/ul>\t\t\t\t\t\t\t\t<\/div>\n\t\t\t\t<div class=\"elementor-element elementor-element-ef07fa8 elementor-widget elementor-widget-heading\" data-id=\"ef07fa8\" data-element_type=\"widget\" data-e-type=\"widget\" data-widget_type=\"heading.default\">\n\t\t\t\t\t<h3 class=\"elementor-heading-title elementor-size-default\">Verarbeitung bei Bestellungen<\/h3>\t\t\t\t<\/div>\n\t\t\t\t<div class=\"elementor-element elementor-element-bae57e2 elementor-widget elementor-widget-text-editor\" data-id=\"bae57e2\" data-element_type=\"widget\" data-e-type=\"widget\" data-widget_type=\"text-editor.default\">\n\t\t\t\t\t\t\t\t\t<p data-start=\"2136\" data-end=\"2393\">Zur Abwicklung von Bestellungen erheben und verarbeiten wir personenbezogene Daten wie Name, Adresse, Zahlungsdaten, E-Mail-Adresse. Die Weitergabe erfolgt nur, soweit es zur Vertragserf\u00fcllung notwendig ist (z.\u202fB. an Versanddienstleister, Zahlungsanbieter).<\/p><p data-start=\"2136\" data-end=\"2393\"><strong data-start=\"2395\" data-end=\"2415\" style=\"font-style: inherit;\">Rechtsgrundlage:<\/strong><span style=\"font-style: inherit; font-weight: inherit;\"> Art. 6 Abs. 1 lit. b DSGVO<\/span><\/p>\t\t\t\t\t\t\t\t<\/div>\n\t\t\t\t<div class=\"elementor-element elementor-element-a0269f5 elementor-widget elementor-widget-heading\" data-id=\"a0269f5\" data-element_type=\"widget\" data-e-type=\"widget\" data-widget_type=\"heading.default\">\n\t\t\t\t\t<h3 class=\"elementor-heading-title elementor-size-default\">Speicherdauer<\/h3>\t\t\t\t<\/div>\n\t\t\t\t<div class=\"elementor-element elementor-element-f5d97ff elementor-widget elementor-widget-text-editor\" data-id=\"f5d97ff\" data-element_type=\"widget\" data-e-type=\"widget\" data-widget_type=\"text-editor.default\">\n\t\t\t\t\t\t\t\t\t<p data-start=\"2515\" data-end=\"2654\">Wir speichern Ihre Daten nur so lange, wie dies f\u00fcr die Vertragsabwicklung erforderlich ist oder gesetzliche Aufbewahrungsfristen bestehen.<\/p>\t\t\t\t\t\t\t\t<\/div>\n\t\t\t\t<div class=\"elementor-element elementor-element-0d15c2a elementor-widget elementor-widget-heading\" data-id=\"0d15c2a\" data-element_type=\"widget\" data-e-type=\"widget\" data-widget_type=\"heading.default\">\n\t\t\t\t\t<h3 class=\"elementor-heading-title elementor-size-default\">Ihre Rechte laut DSGVO<\/h3>\t\t\t\t<\/div>\n\t\t\t\t<div class=\"elementor-element elementor-element-d757fa0 elementor-widget elementor-widget-text-editor\" data-id=\"d757fa0\" data-element_type=\"widget\" data-e-type=\"widget\" data-widget_type=\"text-editor.default\">\n\t\t\t\t\t\t\t\t\t<p data-start=\"2701\" data-end=\"2737\">Sie haben jederzeit folgende Rechte:<\/p><p>\u00a0<\/p><ul data-start=\"2739\" data-end=\"2999\"><li data-start=\"2739\" data-end=\"2774\"><p data-start=\"2741\" data-end=\"2774\"><strong data-start=\"2741\" data-end=\"2753\">Auskunft<\/strong> nach Art. 15 DSGVO<\/p><\/li><li data-start=\"2775\" data-end=\"2814\"><p data-start=\"2777\" data-end=\"2814\"><strong data-start=\"2777\" data-end=\"2793\">Berichtigung<\/strong> nach Art. 16 DSGVO<\/p><\/li><li data-start=\"2815\" data-end=\"2850\"><p data-start=\"2817\" data-end=\"2850\"><strong data-start=\"2817\" data-end=\"2829\">L\u00f6schung<\/strong> nach Art. 17 DSGVO<\/p><\/li><li data-start=\"2851\" data-end=\"2908\"><p data-start=\"2853\" data-end=\"2908\"><strong data-start=\"2853\" data-end=\"2887\">Einschr\u00e4nkung der Verarbeitung<\/strong> nach Art. 18 DSGVO<\/p><\/li><li data-start=\"2909\" data-end=\"2956\"><p data-start=\"2911\" data-end=\"2956\"><strong data-start=\"2911\" data-end=\"2935\">Daten\u00fcbertragbarkeit<\/strong> nach Art. 20 DSGVO<\/p><\/li><li data-start=\"2957\" data-end=\"2999\"><p data-start=\"2959\" data-end=\"2999\"><strong data-start=\"2959\" data-end=\"2980\">Widerspruchsrecht<\/strong> nach Art. 21 DSGVO<\/p><\/li><\/ul>\t\t\t\t\t\t\t\t<\/div>\n\t\t\t\t<div class=\"elementor-element elementor-element-da17009 elementor-widget elementor-widget-heading\" data-id=\"da17009\" data-element_type=\"widget\" data-e-type=\"widget\" data-widget_type=\"heading.default\">\n\t\t\t\t\t<h3 class=\"elementor-heading-title elementor-size-default\">Beschwerderecht bei der Aufsichtsbeh\u00f6rde<\/h3>\t\t\t\t<\/div>\n\t\t\t\t<div class=\"elementor-element elementor-element-b18335a elementor-widget elementor-widget-text-editor\" data-id=\"b18335a\" data-element_type=\"widget\" data-e-type=\"widget\" data-widget_type=\"text-editor.default\">\n\t\t\t\t\t\t\t\t\t<p data-start=\"3134\" data-end=\"3276\">Wenn Sie der Meinung sind, dass Ihre Daten unrechtm\u00e4\u00dfig verarbeitet wurden, k\u00f6nnen Sie sich bei der zust\u00e4ndigen Datenschutzbeh\u00f6rde beschweren.<\/p><p data-start=\"3278\" data-end=\"3440\"><strong data-start=\"3278\" data-end=\"3333\">Landesbeauftragte f\u00fcr den Datenschutz Niedersachsen<\/strong><br data-start=\"3333\" data-end=\"3336\" \/>Prinzenstra\u00dfe 5, 30159 Hannover<br data-start=\"3367\" data-end=\"3370\" \/><strong data-start=\"3370\" data-end=\"3378\">Tel:<\/strong> +49 511 1204500<br data-start=\"3394\" data-end=\"3397\" \/><strong data-start=\"3397\" data-end=\"3408\">E-Mail:<\/strong> <a class=\"cursor-pointer\" rel=\"noopener\" data-start=\"3409\" data-end=\"3440\">poststelle@lfd.niedersachsen.de<\/a><\/p>\t\t\t\t\t\t\t\t<\/div>\n\t\t\t\t<div class=\"elementor-element elementor-element-f8489ca elementor-widget elementor-widget-heading\" data-id=\"f8489ca\" data-element_type=\"widget\" data-e-type=\"widget\" data-widget_type=\"heading.default\">\n\t\t\t\t\t<h3 class=\"elementor-heading-title elementor-size-default\">Widerspruchsrecht<\/h3>\t\t\t\t<\/div>\n\t\t\t\t<div class=\"elementor-element elementor-element-d461b12 elementor-widget elementor-widget-text-editor\" data-id=\"d461b12\" data-element_type=\"widget\" data-e-type=\"widget\" data-widget_type=\"text-editor.default\">\n\t\t\t\t\t\t\t\t\t<p>Sie k\u00f6nnen der Verarbeitung Ihrer personenbezogenen Daten widersprechen, wenn diese auf Grundlage von Art. 6 Abs. 1 lit. f DSGVO erfolgt \u2013 insbesondere bei Direktwerbung.<\/p>\t\t\t\t\t\t\t\t<\/div>\n\t\t\t\t<div class=\"elementor-element elementor-element-3278f9a elementor-widget elementor-widget-text-editor\" data-id=\"3278f9a\" data-element_type=\"widget\" data-e-type=\"widget\" data-widget_type=\"text-editor.default\">\n\t\t\t\t\t\t\t\t\t<p>Letzte Aktualisierung: 30.07.2025<\/p>\t\t\t\t\t\t\t\t<\/div>\n\t\t\t\t\t<\/div>\n\t\t\t\t<\/div>\n\t\t\t\t<\/div>","protected":false},"excerpt":{"rendered":"<p>Datenschutzerkl\u00e4rung Allgemeine Hinweise zur Datenverarbeitung Die folgenden Hinweise geben einen einfachen \u00dcberblick dar\u00fcber, was mit Ihren personenbezogenen Daten passiert, wenn Sie unsere Website besuchen. Personenbezogene Daten sind alle Daten, mit denen Sie pers\u00f6nlich identifiziert werden k\u00f6nnen. Verantwortlicher Name: Alexandr SlusarencoAdresse: Schlesierweg 5, 30823 Garbsen, DeutschlandTelefon: +49 179 6048315E-Mail: info@as-baustoffe.com Zugriffsdaten \/ Server-Logfiles Beim Besuch unserer [&hellip;]<\/p>\n","protected":false},"author":1,"featured_media":0,"parent":0,"menu_order":0,"comment_status":"closed","ping_status":"closed","template":"","meta":{"site-sidebar-layout":"no-sidebar","site-content-layout":"page-builder","ast-site-content-layout":"full-width-container","site-content-style":"default","site-sidebar-style":"default","ast-global-header-display":"","ast-banner-title-visibility":"","ast-main-header-display":"","ast-hfb-above-header-display":"","ast-hfb-below-header-display":"","ast-hfb-mobile-header-display":"","site-post-title":"disabled","ast-breadcrumbs-content":"","ast-featured-img":"disabled","footer-sml-layout":"","ast-disable-related-posts":"","theme-transparent-header-meta":"","adv-header-id-meta":"","stick-header-meta":"","header-above-stick-meta":"","header-main-stick-meta":"","header-below-stick-meta":"","astra-migrate-meta-layouts":"set","ast-page-background-enabled":"default","ast-page-background-meta":{"desktop":{"background-color":"var(--ast-global-color-4)","background-image":"","background-repeat":"repeat","background-position":"center center","background-size":"auto","background-attachment":"scroll","background-type":"","background-media":"","overlay-type":"","overlay-color":"","overlay-opacity":"","overlay-gradient":""},"tablet":{"background-color":"","background-image":"","background-repeat":"repeat","background-position":"center center","background-size":"auto","background-attachment":"scroll","background-type":"","background-media":"","overlay-type":"","overlay-color":"","overlay-opacity":"","overlay-gradient":""},"mobile":{"background-color":"","background-image":"","background-repeat":"repeat","background-position":"center center","background-size":"auto","background-attachment":"scroll","background-type":"","background-media":"","overlay-type":"","overlay-color":"","overlay-opacity":"","overlay-gradient":""}},"ast-content-background-meta":{"desktop":{"background-color":"var(--ast-global-color-5)","background-image":"","background-repeat":"repeat","background-position":"center center","background-size":"auto","background-attachment":"scroll","background-type":"","background-media":"","overlay-type":"","overlay-color":"","overlay-opacity":"","overlay-gradient":""},"tablet":{"background-color":"var(--ast-global-color-5)","background-image":"","background-repeat":"repeat","background-position":"center center","background-size":"auto","background-attachment":"scroll","background-type":"","background-media":"","overlay-type":"","overlay-color":"","overlay-opacity":"","overlay-gradient":""},"mobile":{"background-color":"var(--ast-global-color-5)","background-image":"","background-repeat":"repeat","background-position":"center center","background-size":"auto","background-attachment":"scroll","background-type":"","background-media":"","overlay-type":"","overlay-color":"","overlay-opacity":"","overlay-gradient":""}},"footnotes":""},"class_list":["post-1359","page","type-page","status-publish","hentry"],"_links":{"self":[{"href":"https:\/\/sa-baustoffe.de\/en\/wp-json\/wp\/v2\/pages\/1359","targetHints":{"allow":["GET"]}}],"collection":[{"href":"https:\/\/sa-baustoffe.de\/en\/wp-json\/wp\/v2\/pages"}],"about":[{"href":"https:\/\/sa-baustoffe.de\/en\/wp-json\/wp\/v2\/types\/page"}],"author":[{"embeddable":true,"href":"https:\/\/sa-baustoffe.de\/en\/wp-json\/wp\/v2\/users\/1"}],"replies":[{"embeddable":true,"href":"https:\/\/sa-baustoffe.de\/en\/wp-json\/wp\/v2\/comments?post=1359"}],"version-history":[{"count":22,"href":"https:\/\/sa-baustoffe.de\/en\/wp-json\/wp\/v2\/pages\/1359\/revisions"}],"predecessor-version":[{"id":1384,"href":"https:\/\/sa-baustoffe.de\/en\/wp-json\/wp\/v2\/pages\/1359\/revisions\/1384"}],"wp:attachment":[{"href":"https:\/\/sa-baustoffe.de\/en\/wp-json\/wp\/v2\/media?parent=1359"}],"curies":[{"name":"wp","href":"https:\/\/api.w.org\/{rel}","templated":true}]}}