{"id":1385,"date":"2025-07-30T18:13:40","date_gmt":"2025-07-30T18:13:40","guid":{"rendered":"https:\/\/sa-baustoffe.com\/?page_id=1385"},"modified":"2025-07-30T18:15:38","modified_gmt":"2025-07-30T18:15:38","slug":"widerrufsbelehrung","status":"publish","type":"page","link":"https:\/\/sa-baustoffe.de\/en\/widerrufsbelehrung\/","title":{"rendered":"Widerrufsbelehrung"},"content":{"rendered":"<div data-elementor-type=\"wp-page\" data-elementor-id=\"1385\" class=\"elementor elementor-1385\">\n\t\t\t\t<div class=\"elementor-element elementor-element-0696473 e-flex e-con-boxed e-con e-parent\" data-id=\"0696473\" data-element_type=\"container\" data-e-type=\"container\">\n\t\t\t\t\t<div class=\"e-con-inner\">\n\t\t\t\t<div class=\"elementor-element elementor-element-46d0f2d elementor-widget elementor-widget-heading\" data-id=\"46d0f2d\" data-element_type=\"widget\" data-e-type=\"widget\" data-widget_type=\"heading.default\">\n\t\t\t\t\t<h1 class=\"elementor-heading-title elementor-size-default\">Widerrufsbelehrung<\/h1>\t\t\t\t<\/div>\n\t\t\t\t<div class=\"elementor-element elementor-element-ccd4280 elementor-widget elementor-widget-heading\" data-id=\"ccd4280\" data-element_type=\"widget\" data-e-type=\"widget\" data-widget_type=\"heading.default\">\n\t\t\t\t\t<h2 class=\"elementor-heading-title elementor-size-default\">Gib hier deine \u00dcberschrift ein<\/h2>\t\t\t\t<\/div>\n\t\t\t\t<div class=\"elementor-element elementor-element-b8092f4 elementor-widget elementor-widget-text-editor\" data-id=\"b8092f4\" data-element_type=\"widget\" data-e-type=\"widget\" data-widget_type=\"text-editor.default\">\n\t\t\t\t\t\t\t\t\t<p data-start=\"397\" data-end=\"599\">Verbraucher ist jede nat\u00fcrliche Person, die ein Rechtsgesch\u00e4ft zu Zwecken abschlie\u00dft, die \u00fcberwiegend weder ihrer gewerblichen noch ihrer selbstst\u00e4ndigen beruflichen T\u00e4tigkeit zugerechnet werden k\u00f6nnen.<\/p>\t\t\t\t\t\t\t\t<\/div>\n\t\t\t\t<div class=\"elementor-element elementor-element-2211506 elementor-widget elementor-widget-heading\" data-id=\"2211506\" data-element_type=\"widget\" data-e-type=\"widget\" data-widget_type=\"heading.default\">\n\t\t\t\t\t<h2 class=\"elementor-heading-title elementor-size-default\">Frist f\u00fcr den Widerruf<\/h2>\t\t\t\t<\/div>\n\t\t\t\t<div class=\"elementor-element elementor-element-a2bd521 elementor-widget elementor-widget-text-editor\" data-id=\"a2bd521\" data-element_type=\"widget\" data-e-type=\"widget\" data-widget_type=\"text-editor.default\">\n\t\t\t\t\t\t\t\t\t<p data-start=\"662\" data-end=\"801\">Sie haben das Recht, binnen 14 Tagen ohne Angabe von Gr\u00fcnden diesen Vertrag zu widerrufen.<br data-start=\"752\" data-end=\"755\" \/>Die Widerrufsfrist betr\u00e4gt 14 Tage ab dem Tag:<\/p><p>\u00a0<\/p><ul data-start=\"803\" data-end=\"1147\"><li data-start=\"803\" data-end=\"937\"><p data-start=\"805\" data-end=\"937\">an dem Sie oder ein von Ihnen benannter Dritter (nicht der Bef\u00f6rderer) die Waren erhalten haben (bei einer einheitlichen Lieferung);<\/p><\/li><li data-start=\"938\" data-end=\"1021\"><p data-start=\"940\" data-end=\"1021\">an dem Sie oder ein Dritter die letzte Ware erhalten haben (bei Teillieferungen);<\/p><\/li><li data-start=\"1022\" data-end=\"1147\"><p data-start=\"1024\" data-end=\"1147\">an dem Sie oder ein Dritter die letzte Teilsendung oder St\u00fcck erhalten haben (bei Lieferung in Teilsendungen oder St\u00fccken).<\/p><\/li><\/ul>\t\t\t\t\t\t\t\t<\/div>\n\t\t\t\t<div class=\"elementor-element elementor-element-da67243 elementor-widget elementor-widget-heading\" data-id=\"da67243\" data-element_type=\"widget\" data-e-type=\"widget\" data-widget_type=\"heading.default\">\n\t\t\t\t\t<h2 class=\"elementor-heading-title elementor-size-default\">Aus\u00fcbung des Widerrufs<\/h2>\t\t\t\t<\/div>\n\t\t\t\t<div class=\"elementor-element elementor-element-21ae11b elementor-widget elementor-widget-text-editor\" data-id=\"21ae11b\" data-element_type=\"widget\" data-e-type=\"widget\" data-widget_type=\"text-editor.default\">\n\t\t\t\t\t\t\t\t\t<p data-start=\"1210\" data-end=\"1469\">Um Ihr Widerrufsrecht auszu\u00fcben, m\u00fcssen Sie uns\u00a0<strong data-start=\"1260\" data-end=\"1366\">(Alexandr Slusarenco, Schlesierweg 5, 30823 Garbsen, Tel.: 01796048315, E-Mail: <a class=\"cursor-pointer\" rel=\"noopener\" data-start=\"1342\" data-end=\"1363\">info@as-baustoffe.com<\/a>)<\/strong><br data-start=\"1366\" data-end=\"1369\" \/>mittels einer eindeutigen Erkl\u00e4rung (z.\u202fB. per E-Mail oder Brief) \u00fcber Ihren Entschluss informieren.<\/p><p data-start=\"1210\" data-end=\"1469\"><span style=\"font-style: inherit; font-weight: inherit;\">Sie k\u00f6nnen daf\u00fcr das beigef\u00fcgte Muster-Widerrufsformular verwenden, das jedoch nicht vorgeschrieben ist.<\/span><\/p><p data-start=\"1471\" data-end=\"1678\">Zur Wahrung der Frist reicht es aus, dass Sie die Mitteilung vor Ablauf der Widerrufsfrist absenden.<\/p>\t\t\t\t\t\t\t\t<\/div>\n\t\t\t\t<div class=\"elementor-element elementor-element-39772c4 elementor-widget elementor-widget-heading\" data-id=\"39772c4\" data-element_type=\"widget\" data-e-type=\"widget\" data-widget_type=\"heading.default\">\n\t\t\t\t\t<h2 class=\"elementor-heading-title elementor-size-default\">Folgen des Widerrufs<\/h2>\t\t\t\t<\/div>\n\t\t\t\t<div class=\"elementor-element elementor-element-c86a0af elementor-widget elementor-widget-text-editor\" data-id=\"c86a0af\" data-element_type=\"widget\" data-e-type=\"widget\" data-widget_type=\"text-editor.default\">\n\t\t\t\t\t\t\t\t\t<p style=\"font-size: 16px; font-style: normal; font-weight: 400; margin-bottom: 0px; font-family: Roboto, sans-serif;\" data-start=\"1739\" data-end=\"2074\">Wenn Sie diesen Vertrag widerrufen, erstatten wir Ihnen alle Zahlungen inkl. Lieferkosten (ausgenommen Aufpreise f\u00fcr Sonderlieferungen) binnen 14 Tagen.<br data-start=\"1891\" data-end=\"1894\" \/>Die R\u00fcckzahlung erfolgt mit demselben Zahlungsmittel, das Sie verwendet haben, es sei denn, es wurde etwas anderes vereinbart.<br data-start=\"2020\" data-end=\"2023\" \/>F\u00fcr die R\u00fcckzahlung entstehen Ihnen keine Geb\u00fchren.<\/p><p style=\"font-size: 16px; font-style: normal; font-weight: 400; margin-bottom: 0px; font-family: Roboto, sans-serif;\" data-start=\"1739\" data-end=\"2074\"><span style=\"font-style: inherit; font-weight: inherit;\">Wir behalten uns vor, die R\u00fcckzahlung zu verweigern, bis wir die Waren zur\u00fcckerhalten haben oder Sie den Nachweis \u00fcber die R\u00fccksendung erbracht haben.<\/span><\/p>\t\t\t\t\t\t\t\t<\/div>\n\t\t\t\t<div class=\"elementor-element elementor-element-6396974 elementor-widget elementor-widget-heading\" data-id=\"6396974\" data-element_type=\"widget\" data-e-type=\"widget\" data-widget_type=\"heading.default\">\n\t\t\t\t\t<h2 class=\"elementor-heading-title elementor-size-default\">R\u00fccksendung der Waren<\/h2>\t\t\t\t<\/div>\n\t\t\t\t<div class=\"elementor-element elementor-element-c27ef4b elementor-widget elementor-widget-text-editor\" data-id=\"c27ef4b\" data-element_type=\"widget\" data-e-type=\"widget\" data-widget_type=\"text-editor.default\">\n\t\t\t\t\t\t\t\t\t<p data-start=\"2288\" data-end=\"2469\">Sie haben die Waren unverz\u00fcglich und sp\u00e4testens binnen 14 Tagen nach dem Widerruf an uns zur\u00fcckzusenden.<br data-start=\"2392\" data-end=\"2395\">Die Frist ist gewahrt, wenn Sie die Waren vor Ablauf der 14 Tage absenden.<\/p>\n<p data-start=\"2471\" data-end=\"2558\"><img decoding=\"async\" draggable=\"false\" role=\"img\" class=\"emoji\" alt=\"\ud83d\udccc\" src=\"https:\/\/s.w.org\/images\/core\/emoji\/16.0.1\/svg\/1f4cc.svg\" title=\"Widerrufsbelehrung\"> <strong data-start=\"2474\" data-end=\"2494\">R\u00fccksendekosten:<\/strong> Die unmittelbaren Kosten der R\u00fccksendung tragen Sie als K\u00e4ufer.<\/p>\n<p><\/p>\n<p data-start=\"2560\" data-end=\"2716\"><img decoding=\"async\" draggable=\"false\" role=\"img\" class=\"emoji\" alt=\"\ud83d\udccc\" src=\"https:\/\/s.w.org\/images\/core\/emoji\/16.0.1\/svg\/1f4cc.svg\" title=\"Widerrufsbelehrung\"> <strong data-start=\"2563\" data-end=\"2579\">Wertverlust:<\/strong> F\u00fcr einen etwaigen Wertverlust m\u00fcssen Sie nur aufkommen, wenn dieser auf einen nicht notwendigen Umgang mit der Ware zur\u00fcckzuf\u00fchren ist.<\/p>\t\t\t\t\t\t\t\t<\/div>\n\t\t\t\t<div class=\"elementor-element elementor-element-e62637e elementor-widget elementor-widget-heading\" data-id=\"e62637e\" data-element_type=\"widget\" data-e-type=\"widget\" data-widget_type=\"heading.default\">\n\t\t\t\t\t<h2 class=\"elementor-heading-title elementor-size-default\">Ausschluss des Widerrufsrechts<\/h2>\t\t\t\t<\/div>\n\t\t\t\t<div class=\"elementor-element elementor-element-c80564c elementor-widget elementor-widget-text-editor\" data-id=\"c80564c\" data-element_type=\"widget\" data-e-type=\"widget\" data-widget_type=\"text-editor.default\">\n\t\t\t\t\t\t\t\t\t<p data-start=\"2787\" data-end=\"2834\">Das Widerrufsrecht besteht nicht bei Vertr\u00e4gen:<\/p>\n<ul data-start=\"2836\" data-end=\"2927\">\n<li data-start=\"2836\" data-end=\"2882\">\n<p data-start=\"2838\" data-end=\"2882\">zur Lieferung individuell gefertigter Waren;<\/p>\n<\/li>\n<li data-start=\"2883\" data-end=\"2927\">\n<p data-start=\"2885\" data-end=\"2927\">zur Lieferung schnell verderblicher Waren.<\/p>\n<\/li>\n<\/ul>\n<p data-start=\"2929\" data-end=\"2981\">Das Widerrufsrecht erlischt vorzeitig bei Vertr\u00e4gen:<\/p>\n<p><\/p>\n<ul data-start=\"2983\" data-end=\"3121\">\n<li data-start=\"2983\" data-end=\"3075\">\n<p data-start=\"2985\" data-end=\"3075\">zur Lieferung versiegelter Waren, wenn die Versiegelung nach der Lieferung entfernt wurde;<\/p>\n<\/li>\n<li data-start=\"3076\" data-end=\"3121\">\n<p data-start=\"3078\" data-end=\"3121\">zur Lieferung untrennbar vermischter Waren.<\/p>\n<\/li>\n<\/ul>\t\t\t\t\t\t\t\t<\/div>\n\t\t\t\t<div class=\"elementor-element elementor-element-413916c elementor-widget elementor-widget-heading\" data-id=\"413916c\" data-element_type=\"widget\" data-e-type=\"widget\" data-widget_type=\"heading.default\">\n\t\t\t\t\t<h2 class=\"elementor-heading-title elementor-size-default\">Muster-Widerrufsformular<\/h2>\t\t\t\t<\/div>\n\t\t\t\t\t<\/div>\n\t\t\t\t<\/div>\n\t\t<div class=\"elementor-element elementor-element-8a0c7e2 e-flex e-con-boxed e-con e-parent\" data-id=\"8a0c7e2\" data-element_type=\"container\" data-e-type=\"container\">\n\t\t\t\t\t<div class=\"e-con-inner\">\n\t\t\t\t<div class=\"elementor-element elementor-element-318277f elementor-widget elementor-widget-text-editor\" data-id=\"318277f\" data-element_type=\"widget\" data-e-type=\"widget\" data-widget_type=\"text-editor.default\">\n\t\t\t\t\t\t\t\t\t<p>Sie k\u00f6nnen das folgende Formular verwenden und per E-Mail oder Post an uns senden.<\/p><p data-start=\"3278\" data-end=\"3374\"><strong data-start=\"3278\" data-end=\"3285\">An:<\/strong><br data-start=\"3285\" data-end=\"3288\" \/>Alexandr Slusarenco<br data-start=\"3307\" data-end=\"3310\" \/>Schlesierweg 5<br data-start=\"3324\" data-end=\"3327\" \/>30823 Garbsen<br data-start=\"3340\" data-end=\"3343\" \/>E-Mail: <a class=\"cursor-pointer\" rel=\"noopener\" data-start=\"3351\" data-end=\"3372\">info@as-baustoffe.com<\/a><\/p><p data-start=\"3376\" data-end=\"3446\"><strong data-start=\"3376\" data-end=\"3444\">Hiermit widerrufe ich den Vertrag \u00fcber den Kauf folgender Waren:<\/strong><\/p><hr data-start=\"3447\" data-end=\"3483\" \/><p data-start=\"3484\" data-end=\"3557\"><strong data-start=\"3484\" data-end=\"3500\">Bestellt am:<\/strong> __________________<br data-start=\"3519\" data-end=\"3522\" \/><strong data-start=\"3522\" data-end=\"3538\">Erhalten am:<\/strong> ________________<\/p><p data-start=\"3559\" data-end=\"3675\"><strong data-start=\"3559\" data-end=\"3585\">Name des Verbrauchers:<\/strong> ____________________________<br data-start=\"3614\" data-end=\"3617\" \/><strong data-start=\"3617\" data-end=\"3631\">Anschrift:<\/strong> _________________________________________<\/p><p data-start=\"3677\" data-end=\"3772\"><strong data-start=\"3677\" data-end=\"3711\">Unterschrift (nur bei Papier):<\/strong> _______________________<br data-start=\"3735\" data-end=\"3738\" \/><strong data-start=\"3738\" data-end=\"3748\">Datum:<\/strong> _____________________<\/p>\t\t\t\t\t\t\t\t<\/div>\n\t\t\t\t<div class=\"elementor-element elementor-element-660216f elementor-widget elementor-widget-text-editor\" data-id=\"660216f\" data-element_type=\"widget\" data-e-type=\"widget\" data-widget_type=\"text-editor.default\">\n\t\t\t\t\t\t\t\t\t<p><strong data-start=\"3785\" data-end=\"3811\">Letzte Aktualisierung:<\/strong> 30.07.2025<\/p>\t\t\t\t\t\t\t\t<\/div>\n\t\t\t\t\t<\/div>\n\t\t\t\t<\/div>\n\t\t\t\t<\/div>","protected":false},"excerpt":{"rendered":"<p>Widerrufsbelehrung Gib hier deine \u00dcberschrift ein Verbraucher ist jede nat\u00fcrliche Person, die ein Rechtsgesch\u00e4ft zu Zwecken abschlie\u00dft, die \u00fcberwiegend weder ihrer gewerblichen noch ihrer selbstst\u00e4ndigen beruflichen T\u00e4tigkeit zugerechnet werden k\u00f6nnen. Frist f\u00fcr den Widerruf Sie haben das Recht, binnen 14 Tagen ohne Angabe von Gr\u00fcnden diesen Vertrag zu widerrufen.Die Widerrufsfrist betr\u00e4gt 14 Tage ab dem [&hellip;]<\/p>\n","protected":false},"author":1,"featured_media":0,"parent":0,"menu_order":0,"comment_status":"closed","ping_status":"closed","template":"","meta":{"site-sidebar-layout":"no-sidebar","site-content-layout":"page-builder","ast-site-content-layout":"full-width-container","site-content-style":"default","site-sidebar-style":"default","ast-global-header-display":"","ast-banner-title-visibility":"","ast-main-header-display":"","ast-hfb-above-header-display":"","ast-hfb-below-header-display":"","ast-hfb-mobile-header-display":"","site-post-title":"disabled","ast-breadcrumbs-content":"","ast-featured-img":"disabled","footer-sml-layout":"","ast-disable-related-posts":"","theme-transparent-header-meta":"","adv-header-id-meta":"","stick-header-meta":"","header-above-stick-meta":"","header-main-stick-meta":"","header-below-stick-meta":"","astra-migrate-meta-layouts":"set","ast-page-background-enabled":"default","ast-page-background-meta":{"desktop":{"background-color":"var(--ast-global-color-4)","background-image":"","background-repeat":"repeat","background-position":"center center","background-size":"auto","background-attachment":"scroll","background-type":"","background-media":"","overlay-type":"","overlay-color":"","overlay-opacity":"","overlay-gradient":""},"tablet":{"background-color":"","background-image":"","background-repeat":"repeat","background-position":"center center","background-size":"auto","background-attachment":"scroll","background-type":"","background-media":"","overlay-type":"","overlay-color":"","overlay-opacity":"","overlay-gradient":""},"mobile":{"background-color":"","background-image":"","background-repeat":"repeat","background-position":"center center","background-size":"auto","background-attachment":"scroll","background-type":"","background-media":"","overlay-type":"","overlay-color":"","overlay-opacity":"","overlay-gradient":""}},"ast-content-background-meta":{"desktop":{"background-color":"var(--ast-global-color-5)","background-image":"","background-repeat":"repeat","background-position":"center center","background-size":"auto","background-attachment":"scroll","background-type":"","background-media":"","overlay-type":"","overlay-color":"","overlay-opacity":"","overlay-gradient":""},"tablet":{"background-color":"var(--ast-global-color-5)","background-image":"","background-repeat":"repeat","background-position":"center center","background-size":"auto","background-attachment":"scroll","background-type":"","background-media":"","overlay-type":"","overlay-color":"","overlay-opacity":"","overlay-gradient":""},"mobile":{"background-color":"var(--ast-global-color-5)","background-image":"","background-repeat":"repeat","background-position":"center center","background-size":"auto","background-attachment":"scroll","background-type":"","background-media":"","overlay-type":"","overlay-color":"","overlay-opacity":"","overlay-gradient":""}},"footnotes":""},"class_list":["post-1385","page","type-page","status-publish","hentry"],"_links":{"self":[{"href":"https:\/\/sa-baustoffe.de\/en\/wp-json\/wp\/v2\/pages\/1385","targetHints":{"allow":["GET"]}}],"collection":[{"href":"https:\/\/sa-baustoffe.de\/en\/wp-json\/wp\/v2\/pages"}],"about":[{"href":"https:\/\/sa-baustoffe.de\/en\/wp-json\/wp\/v2\/types\/page"}],"author":[{"embeddable":true,"href":"https:\/\/sa-baustoffe.de\/en\/wp-json\/wp\/v2\/users\/1"}],"replies":[{"embeddable":true,"href":"https:\/\/sa-baustoffe.de\/en\/wp-json\/wp\/v2\/comments?post=1385"}],"version-history":[{"count":4,"href":"https:\/\/sa-baustoffe.de\/en\/wp-json\/wp\/v2\/pages\/1385\/revisions"}],"predecessor-version":[{"id":1389,"href":"https:\/\/sa-baustoffe.de\/en\/wp-json\/wp\/v2\/pages\/1385\/revisions\/1389"}],"wp:attachment":[{"href":"https:\/\/sa-baustoffe.de\/en\/wp-json\/wp\/v2\/media?parent=1385"}],"curies":[{"name":"wp","href":"https:\/\/api.w.org\/{rel}","templated":true}]}}