{"id":1394,"date":"2025-07-31T13:33:40","date_gmt":"2025-07-31T13:33:40","guid":{"rendered":"https:\/\/sa-baustoffe.com\/?page_id=1394"},"modified":"2025-07-31T14:06:18","modified_gmt":"2025-07-31T14:06:18","slug":"zahlungsarten","status":"publish","type":"page","link":"https:\/\/sa-baustoffe.de\/en\/zahlungsarten\/","title":{"rendered":"Zahlungsarten"},"content":{"rendered":"<div data-elementor-type=\"wp-page\" data-elementor-id=\"1394\" class=\"elementor elementor-1394\">\n\t\t\t\t<div class=\"elementor-element elementor-element-a87d224 e-flex e-con-boxed e-con e-parent\" data-id=\"a87d224\" data-element_type=\"container\" data-e-type=\"container\">\n\t\t\t\t\t<div class=\"e-con-inner\">\n\t\t\t\t<div class=\"elementor-element elementor-element-ff54917 elementor-widget elementor-widget-heading\" data-id=\"ff54917\" data-element_type=\"widget\" data-e-type=\"widget\" data-widget_type=\"heading.default\">\n\t\t\t\t\t<h1 class=\"elementor-heading-title elementor-size-default\">Zahlungsarten<\/h1>\t\t\t\t<\/div>\n\t\t\t\t<div class=\"elementor-element elementor-element-a2ece0e elementor-widget elementor-widget-text-editor\" data-id=\"a2ece0e\" data-element_type=\"widget\" data-e-type=\"widget\" data-widget_type=\"text-editor.default\">\n\t\t\t\t\t\t\t\t\t<p>Bei uns stehen Ihnen folgende sichere und bequeme Zahlungsmethoden zur Verf\u00fcgung:<\/p>\t\t\t\t\t\t\t\t<\/div>\n\t\t\t\t<div class=\"elementor-element elementor-element-5b31ced elementor-widget elementor-widget-heading\" data-id=\"5b31ced\" data-element_type=\"widget\" data-e-type=\"widget\" data-widget_type=\"heading.default\">\n\t\t\t\t\t<h2 class=\"elementor-heading-title elementor-size-default\">Vorkasse per \u00dcberweisung<\/h2>\t\t\t\t<\/div>\n\t\t\t\t<div class=\"elementor-element elementor-element-d068224 elementor-widget elementor-widget-text-editor\" data-id=\"d068224\" data-element_type=\"widget\" data-e-type=\"widget\" data-widget_type=\"text-editor.default\">\n\t\t\t\t\t\t\t\t\t<p data-start=\"295\" data-end=\"479\">\u00dcberweisen Sie den f\u00e4lligen Betrag ganz einfach auf unser Bankkonto. Die Bankverbindung erhalten Sie nach Abschluss der Bestellung per E-Mail. Der Versand erfolgt nach Zahlungseingang.<\/p>\t\t\t\t\t\t\t\t<\/div>\n\t\t\t\t<div class=\"elementor-element elementor-element-5b65f3f elementor-widget elementor-widget-heading\" data-id=\"5b65f3f\" data-element_type=\"widget\" data-e-type=\"widget\" data-widget_type=\"heading.default\">\n\t\t\t\t\t<h2 class=\"elementor-heading-title elementor-size-default\">Kredit- und Debitkarte (Visa &amp; MasterCard)<\/h2>\t\t\t\t<\/div>\n\t\t\t\t<div class=\"elementor-element elementor-element-3389e0a elementor-widget elementor-widget-text-editor\" data-id=\"3389e0a\" data-element_type=\"widget\" data-e-type=\"widget\" data-widget_type=\"text-editor.default\">\n\t\t\t\t\t\t\t\t\t<p data-start=\"538\" data-end=\"685\">Zahlen Sie bequem mit Ihrer Kredit- oder Debitkarte. Die Abwicklung erfolgt \u00fcber unseren Zahlungsdienstleister unter h\u00f6chsten Sicherheitsstandards.<\/p>\t\t\t\t\t\t\t\t<\/div>\n\t\t\t\t<div class=\"elementor-element elementor-element-5707ab1 elementor-widget elementor-widget-heading\" data-id=\"5707ab1\" data-element_type=\"widget\" data-e-type=\"widget\" data-widget_type=\"heading.default\">\n\t\t\t\t\t<h2 class=\"elementor-heading-title elementor-size-default\">PayPal<\/h2>\t\t\t\t<\/div>\n\t\t\t\t<div class=\"elementor-element elementor-element-eeabe3a elementor-widget elementor-widget-text-editor\" data-id=\"eeabe3a\" data-element_type=\"widget\" data-e-type=\"widget\" data-widget_type=\"text-editor.default\">\n\t\t\t\t\t\t\t\t\t<p>Bezahlen Sie schnell und sicher mit Ihrem PayPal-Konto. Am Ende der Bestellung werden Sie zu PayPal weitergeleitet, wo Sie den Betrag best\u00e4tigen.<\/p>\t\t\t\t\t\t\t\t<\/div>\n\t\t\t\t<div class=\"elementor-element elementor-element-99e06fd elementor-widget elementor-widget-heading\" data-id=\"99e06fd\" data-element_type=\"widget\" data-e-type=\"widget\" data-widget_type=\"heading.default\">\n\t\t\t\t\t<h2 class=\"elementor-heading-title elementor-size-default\">Klarna Pay Now (Sofort bezahlen)<\/h2>\t\t\t\t<\/div>\n\t\t\t\t<div class=\"elementor-element elementor-element-d9463d3 elementor-widget elementor-widget-text-editor\" data-id=\"d9463d3\" data-element_type=\"widget\" data-e-type=\"widget\" data-widget_type=\"text-editor.default\">\n\t\t\t\t\t\t\t\t\t<p data-start=\"903\" data-end=\"1079\">Direkte Zahlung \u00fcber Ihr Onlinebanking mit <strong data-start=\"946\" data-end=\"974\">Klarna Sofort\u00fcberweisung<\/strong>. Nach Abschluss der Bestellung werden Sie zu Klarna weitergeleitet, um die Zahlung sofort durchzuf\u00fchren.<\/p>\t\t\t\t\t\t\t\t<\/div>\n\t\t\t\t<div class=\"elementor-element elementor-element-3519735 elementor-widget elementor-widget-heading\" data-id=\"3519735\" data-element_type=\"widget\" data-e-type=\"widget\" data-widget_type=\"heading.default\">\n\t\t\t\t\t<h2 class=\"elementor-heading-title elementor-size-default\">Klarna Ratenkauf<\/h2>\t\t\t\t<\/div>\n\t\t\t\t<div class=\"elementor-element elementor-element-9f22560 elementor-widget elementor-widget-text-editor\" data-id=\"9f22560\" data-element_type=\"widget\" data-e-type=\"widget\" data-widget_type=\"text-editor.default\">\n\t\t\t\t\t\t\t\t\t<p data-start=\"1112\" data-end=\"1292\">Mit <strong data-start=\"1116\" data-end=\"1136\">Klarna Ratenkauf<\/strong> k\u00f6nnen Sie bequem in monatlichen Raten zahlen. Die Konditionen werden Ihnen im Klarna-Zahlformular angezeigt. Es erfolgt eine Bonit\u00e4tspr\u00fcfung durch Klarna.<\/p>\t\t\t\t\t\t\t\t<\/div>\n\t\t\t\t<div class=\"elementor-element elementor-element-0074877 elementor-widget elementor-widget-heading\" data-id=\"0074877\" data-element_type=\"widget\" data-e-type=\"widget\" data-widget_type=\"heading.default\">\n\t\t\t\t\t<h2 class=\"elementor-heading-title elementor-size-default\">Datensicherheit &amp; Hinweise<\/h2>\t\t\t\t<\/div>\n\t\t\t\t<div class=\"elementor-element elementor-element-f5a1beb elementor-widget elementor-widget-text-editor\" data-id=\"f5a1beb\" data-element_type=\"widget\" data-e-type=\"widget\" data-widget_type=\"text-editor.default\">\n\t\t\t\t\t\t\t\t\t<p data-start=\"1334\" data-end=\"1355\">Bitte beachten Sie:<\/p><p>\u00a0<\/p><ul data-start=\"1356\" data-end=\"1560\"><li data-start=\"1356\" data-end=\"1443\"><p data-start=\"1358\" data-end=\"1443\">Die Zahlung per Klarna setzt eine erfolgreiche Bonit\u00e4tspr\u00fcfung durch Klarna voraus.<\/p><\/li><li data-start=\"1444\" data-end=\"1560\"><p data-start=\"1446\" data-end=\"1560\">Weitere Informationen finden Sie in der <a class=\"cursor-pointer\" target=\"_new\" rel=\"noopener\" data-start=\"1486\" data-end=\"1559\">Datenschutzerkl\u00e4rung von Klarna<\/a>.<\/p><\/li><\/ul>\t\t\t\t\t\t\t\t<\/div>\n\t\t\t\t<div class=\"elementor-element elementor-element-6ccc511 elementor-widget elementor-widget-heading\" data-id=\"6ccc511\" data-element_type=\"widget\" data-e-type=\"widget\" data-widget_type=\"heading.default\">\n\t\t\t\t\t<h2 class=\"elementor-heading-title elementor-size-default\">Fragen?<\/h2>\t\t\t\t<\/div>\n\t\t\t\t<div class=\"elementor-element elementor-element-9d013fe elementor-widget elementor-widget-text-editor\" data-id=\"9d013fe\" data-element_type=\"widget\" data-e-type=\"widget\" data-widget_type=\"text-editor.default\">\n\t\t\t\t\t\t\t\t\t<p data-start=\"1581\" data-end=\"1677\">\ud83d\udce7 E-Mail: <a class=\"cursor-pointer\" rel=\"noopener\" data-start=\"1592\" data-end=\"1645\">info@as-baustoffe.com<\/a><br data-start=\"1645\" data-end=\"1648\" \/>\ud83d\udcde Telefon: +49 179 6048315<\/p>\t\t\t\t\t\t\t\t<\/div>\n\t\t\t\t\t<\/div>\n\t\t\t\t<\/div>\n\t\t\t\t<\/div>","protected":false},"excerpt":{"rendered":"<p>Zahlungsarten Bei uns stehen Ihnen folgende sichere und bequeme Zahlungsmethoden zur Verf\u00fcgung: Vorkasse per \u00dcberweisung \u00dcberweisen Sie den f\u00e4lligen Betrag ganz einfach auf unser Bankkonto. Die Bankverbindung erhalten Sie nach Abschluss der Bestellung per E-Mail. Der Versand erfolgt nach Zahlungseingang. Kredit- und Debitkarte (Visa &amp; MasterCard) Zahlen Sie bequem mit Ihrer Kredit- oder Debitkarte. Die [&hellip;]<\/p>\n","protected":false},"author":1,"featured_media":0,"parent":0,"menu_order":0,"comment_status":"closed","ping_status":"closed","template":"","meta":{"site-sidebar-layout":"no-sidebar","site-content-layout":"page-builder","ast-site-content-layout":"full-width-container","site-content-style":"default","site-sidebar-style":"default","ast-global-header-display":"","ast-banner-title-visibility":"","ast-main-header-display":"","ast-hfb-above-header-display":"","ast-hfb-below-header-display":"","ast-hfb-mobile-header-display":"","site-post-title":"disabled","ast-breadcrumbs-content":"","ast-featured-img":"disabled","footer-sml-layout":"","ast-disable-related-posts":"","theme-transparent-header-meta":"","adv-header-id-meta":"","stick-header-meta":"","header-above-stick-meta":"","header-main-stick-meta":"","header-below-stick-meta":"","astra-migrate-meta-layouts":"set","ast-page-background-enabled":"default","ast-page-background-meta":{"desktop":{"background-color":"var(--ast-global-color-4)","background-image":"","background-repeat":"repeat","background-position":"center center","background-size":"auto","background-attachment":"scroll","background-type":"","background-media":"","overlay-type":"","overlay-color":"","overlay-opacity":"","overlay-gradient":""},"tablet":{"background-color":"","background-image":"","background-repeat":"repeat","background-position":"center center","background-size":"auto","background-attachment":"scroll","background-type":"","background-media":"","overlay-type":"","overlay-color":"","overlay-opacity":"","overlay-gradient":""},"mobile":{"background-color":"","background-image":"","background-repeat":"repeat","background-position":"center center","background-size":"auto","background-attachment":"scroll","background-type":"","background-media":"","overlay-type":"","overlay-color":"","overlay-opacity":"","overlay-gradient":""}},"ast-content-background-meta":{"desktop":{"background-color":"var(--ast-global-color-5)","background-image":"","background-repeat":"repeat","background-position":"center center","background-size":"auto","background-attachment":"scroll","background-type":"","background-media":"","overlay-type":"","overlay-color":"","overlay-opacity":"","overlay-gradient":""},"tablet":{"background-color":"var(--ast-global-color-5)","background-image":"","background-repeat":"repeat","background-position":"center center","background-size":"auto","background-attachment":"scroll","background-type":"","background-media":"","overlay-type":"","overlay-color":"","overlay-opacity":"","overlay-gradient":""},"mobile":{"background-color":"var(--ast-global-color-5)","background-image":"","background-repeat":"repeat","background-position":"center center","background-size":"auto","background-attachment":"scroll","background-type":"","background-media":"","overlay-type":"","overlay-color":"","overlay-opacity":"","overlay-gradient":""}},"footnotes":""},"class_list":["post-1394","page","type-page","status-publish","hentry"],"_links":{"self":[{"href":"https:\/\/sa-baustoffe.de\/en\/wp-json\/wp\/v2\/pages\/1394","targetHints":{"allow":["GET"]}}],"collection":[{"href":"https:\/\/sa-baustoffe.de\/en\/wp-json\/wp\/v2\/pages"}],"about":[{"href":"https:\/\/sa-baustoffe.de\/en\/wp-json\/wp\/v2\/types\/page"}],"author":[{"embeddable":true,"href":"https:\/\/sa-baustoffe.de\/en\/wp-json\/wp\/v2\/users\/1"}],"replies":[{"embeddable":true,"href":"https:\/\/sa-baustoffe.de\/en\/wp-json\/wp\/v2\/comments?post=1394"}],"version-history":[{"count":10,"href":"https:\/\/sa-baustoffe.de\/en\/wp-json\/wp\/v2\/pages\/1394\/revisions"}],"predecessor-version":[{"id":1405,"href":"https:\/\/sa-baustoffe.de\/en\/wp-json\/wp\/v2\/pages\/1394\/revisions\/1405"}],"wp:attachment":[{"href":"https:\/\/sa-baustoffe.de\/en\/wp-json\/wp\/v2\/media?parent=1394"}],"curies":[{"name":"wp","href":"https:\/\/api.w.org\/{rel}","templated":true}]}}