{"id":1410,"date":"2025-08-02T08:49:19","date_gmt":"2025-08-02T08:49:19","guid":{"rendered":"https:\/\/sa-baustoffe.com\/?page_id=1410"},"modified":"2026-02-26T19:58:11","modified_gmt":"2026-02-26T19:58:11","slug":"versandinformationen","status":"publish","type":"page","link":"https:\/\/sa-baustoffe.de\/en\/versandinformationen\/","title":{"rendered":"Versandinformationen"},"content":{"rendered":"<div data-elementor-type=\"wp-page\" data-elementor-id=\"1410\" class=\"elementor elementor-1410\">\n\t\t\t\t<div class=\"elementor-element elementor-element-c5eb502 e-flex e-con-boxed e-con e-parent\" data-id=\"c5eb502\" data-element_type=\"container\" data-e-type=\"container\">\n\t\t\t\t\t<div class=\"e-con-inner\">\n\t\t\t\t<div class=\"elementor-element elementor-element-9b5a9bc elementor-widget elementor-widget-heading\" data-id=\"9b5a9bc\" data-element_type=\"widget\" data-e-type=\"widget\" data-widget_type=\"heading.default\">\n\t\t\t\t\t<h1 class=\"elementor-heading-title elementor-size-default\">Versandinformationen<\/h1>\t\t\t\t<\/div>\n\t\t\t\t<div class=\"elementor-element elementor-element-75697ee elementor-widget elementor-widget-text-editor\" data-id=\"75697ee\" data-element_type=\"widget\" data-e-type=\"widget\" data-widget_type=\"text-editor.default\">\n\t\t\t\t\t\t\t\t\t<p>Wir liefern Ihre Bestellung schnell und sicher.<\/p>\t\t\t\t\t\t\t\t<\/div>\n\t\t\t\t<div class=\"elementor-element elementor-element-5808396 elementor-widget elementor-widget-heading\" data-id=\"5808396\" data-element_type=\"widget\" data-e-type=\"widget\" data-widget_type=\"heading.default\">\n\t\t\t\t\t<h3 class=\"elementor-heading-title elementor-size-default\">Versandkosten<\/h3>\t\t\t\t<\/div>\n\t\t\t\t<div class=\"elementor-element elementor-element-e74fe01 elementor-widget elementor-widget-text-editor\" data-id=\"e74fe01\" data-element_type=\"widget\" data-e-type=\"widget\" data-widget_type=\"text-editor.default\">\n\t\t\t\t\t\t\t\t\t<p><strong data-start=\"186\" data-end=\"256\">Innerhalb Deutschlands ist der Versand f\u00fcr alle Artikel kostenfrei<\/strong> \u2013 unabh\u00e4ngig von Bestellwert, Gr\u00f6\u00dfe oder Gewicht.<\/p><p>F\u00fcr Lieferungen in andere EU-L\u00e4nder fallen Versandkosten an.<br data-start=\"368\" data-end=\"371\" \/>Die H\u00f6he der Versandkosten richtet sich nach Paketgr\u00f6\u00dfe, Gewicht und Zielland und wird im Checkout transparent angezeigt.<\/p>\t\t\t\t\t\t\t\t<\/div>\n\t\t\t\t<div class=\"elementor-element elementor-element-8df0012 elementor-widget elementor-widget-heading\" data-id=\"8df0012\" data-element_type=\"widget\" data-e-type=\"widget\" data-widget_type=\"heading.default\">\n\t\t\t\t\t<h3 class=\"elementor-heading-title elementor-size-default\">Lieferl\u00e4nder<\/h3>\t\t\t\t<\/div>\n\t\t\t\t<div class=\"elementor-element elementor-element-388757f elementor-widget elementor-widget-text-editor\" data-id=\"388757f\" data-element_type=\"widget\" data-e-type=\"widget\" data-widget_type=\"text-editor.default\">\n\t\t\t\t\t\t\t\t\t<p>Wir liefern derzeit nach Deutschland sowie in folgende EU-L\u00e4nder:<\/p><p>\u2013 Frankreich\u00a0\u00a0<\/p><p>\u2013 Italien\u00a0\u00a0<\/p><p>\u2013 \u00d6sterreich\u00a0\u00a0<\/p><p>\u2013 Belgien\u00a0\u00a0<\/p><p>\u2013 Niederlande\u00a0\u00a0<\/p><p>\u2013 Luxemburg<\/p><p>\u2013 Spanien<\/p><p>Ein Versand in weitere EU-Staaten ist auf Anfrage m\u00f6glich.<\/p>\t\t\t\t\t\t\t\t<\/div>\n\t\t\t\t<div class=\"elementor-element elementor-element-3d5a2ef elementor-widget elementor-widget-heading\" data-id=\"3d5a2ef\" data-element_type=\"widget\" data-e-type=\"widget\" data-widget_type=\"heading.default\">\n\t\t\t\t\t<h3 class=\"elementor-heading-title elementor-size-default\">Versanddienstleister<\/h3>\t\t\t\t<\/div>\n\t\t\t\t<div class=\"elementor-element elementor-element-d79635d elementor-widget elementor-widget-text-editor\" data-id=\"d79635d\" data-element_type=\"widget\" data-e-type=\"widget\" data-widget_type=\"text-editor.default\">\n\t\t\t\t\t\t\t\t\t<p data-start=\"760\" data-end=\"824\">hre Bestellung wird zuverl\u00e4ssig mit DHL oder Hermes zugestellt.<\/p><p data-start=\"826\" data-end=\"914\">Die Auswahl des Dienstleisters erfolgt automatisch \u2013 je nach Paketgr\u00f6\u00dfe und Zieladresse.<\/p>\t\t\t\t\t\t\t\t<\/div>\n\t\t\t\t<div class=\"elementor-element elementor-element-450f8f9 elementor-widget elementor-widget-heading\" data-id=\"450f8f9\" data-element_type=\"widget\" data-e-type=\"widget\" data-widget_type=\"heading.default\">\n\t\t\t\t\t<h3 class=\"elementor-heading-title elementor-size-default\">Lieferzeit<\/h3>\t\t\t\t<\/div>\n\t\t\t\t<div class=\"elementor-element elementor-element-ebb28f6 elementor-widget elementor-widget-text-editor\" data-id=\"ebb28f6\" data-element_type=\"widget\" data-e-type=\"widget\" data-widget_type=\"text-editor.default\">\n\t\t\t\t\t\t\t\t\t<p>Die Lieferzeit innerhalb Deutschlands betr\u00e4gt in der Regel 2\u20134 Werktage.<\/p><p>\u00a0<\/p><p>F\u00fcr Sendungen ins EU-Ausland kann es je nach Zielland leicht variieren.<\/p>\t\t\t\t\t\t\t\t<\/div>\n\t\t\t\t<div class=\"elementor-element elementor-element-37986af elementor-widget elementor-widget-heading\" data-id=\"37986af\" data-element_type=\"widget\" data-e-type=\"widget\" data-widget_type=\"heading.default\">\n\t\t\t\t\t<h2 class=\"elementor-heading-title elementor-size-default\">R\u00fccksendungen<\/h2>\t\t\t\t<\/div>\n\t\t\t\t<div class=\"elementor-element elementor-element-de6ec6a elementor-widget elementor-widget-text-editor\" data-id=\"de6ec6a\" data-element_type=\"widget\" data-e-type=\"widget\" data-widget_type=\"text-editor.default\">\n\t\t\t\t\t\t\t\t\t<p>Im Falle einer R\u00fccksendung tr\u00e4gt der K\u00e4ufer die unmittelbaren R\u00fccksendekosten.<\/p><p><span style=\"font-style: inherit; font-weight: inherit;\">Bitte kontaktieren Sie uns vorab per E-Mail, um die R\u00fcckgabe abzustimmen.<\/span><\/p>\t\t\t\t\t\t\t\t<\/div>\n\t\t\t\t<div class=\"elementor-element elementor-element-5984df3 elementor-widget elementor-widget-heading\" data-id=\"5984df3\" data-element_type=\"widget\" data-e-type=\"widget\" data-widget_type=\"heading.default\">\n\t\t\t\t\t<h3 class=\"elementor-heading-title elementor-size-default\">Sperrgut &amp; Palettenlieferung<\/h3>\t\t\t\t<\/div>\n\t\t\t\t<div class=\"elementor-element elementor-element-8b62fb8 elementor-widget elementor-widget-text-editor\" data-id=\"8b62fb8\" data-element_type=\"widget\" data-e-type=\"widget\" data-widget_type=\"text-editor.default\">\n\t\t\t\t\t\t\t\t\t<p>Sollte Ihre Bestellung besonders gro\u00df oder schwer sein, bieten wir eine individuelle Versandl\u00f6sung an.\u00a0\u00a0<\/p><p>In solchen F\u00e4llen erfolgt der Versand auf Anfrage und in Abstimmung mit dem Kunden.\u00a0\u00a0<\/p><p>Die Kosten tr\u00e4gt der K\u00e4ufer.<\/p>\t\t\t\t\t\t\t\t<\/div>\n\t\t\t\t<div class=\"elementor-element elementor-element-9be31f1 elementor-widget elementor-widget-heading\" data-id=\"9be31f1\" data-element_type=\"widget\" data-e-type=\"widget\" data-widget_type=\"heading.default\">\n\t\t\t\t\t<h3 class=\"elementor-heading-title elementor-size-default\">Keine Selbstabholung<\/h3>\t\t\t\t<\/div>\n\t\t\t\t<div class=\"elementor-element elementor-element-92018df elementor-widget elementor-widget-text-editor\" data-id=\"92018df\" data-element_type=\"widget\" data-e-type=\"widget\" data-widget_type=\"text-editor.default\">\n\t\t\t\t\t\t\t\t\t<p>Eine Selbstabholung der Ware ist derzeit nicht m\u00f6glich.<\/p>\t\t\t\t\t\t\t\t<\/div>\n\t\t\t\t<div class=\"elementor-element elementor-element-49d045d elementor-widget elementor-widget-heading\" data-id=\"49d045d\" data-element_type=\"widget\" data-e-type=\"widget\" data-widget_type=\"heading.default\">\n\t\t\t\t\t<h3 class=\"elementor-heading-title elementor-size-default\">Besondere Lieferw\u00fcnsche?<\/h3>\t\t\t\t<\/div>\n\t\t\t\t<div class=\"elementor-element elementor-element-bb6326a elementor-widget elementor-widget-text-editor\" data-id=\"bb6326a\" data-element_type=\"widget\" data-e-type=\"widget\" data-widget_type=\"text-editor.default\">\n\t\t\t\t\t\t\t\t\t<p>Wenn Sie besondere Lieferw\u00fcnsche oder Fragen haben, kontaktieren Sie uns gerne unter:\u00a0\u00a0<\/p><p>\ud83d\udce7 info@as-baustoffe.com\u00a0\u00a0<\/p><p>\ud83d\udcde +49 179 6048315<\/p>\t\t\t\t\t\t\t\t<\/div>\n\t\t\t\t\t<\/div>\n\t\t\t\t<\/div>\n\t\t\t\t<\/div>","protected":false},"excerpt":{"rendered":"<p>Versandinformationen Wir liefern Ihre Bestellung schnell und sicher. Versandkosten Innerhalb Deutschlands ist der Versand f\u00fcr alle Artikel kostenfrei \u2013 unabh\u00e4ngig von Bestellwert, Gr\u00f6\u00dfe oder Gewicht. F\u00fcr Lieferungen in andere EU-L\u00e4nder fallen Versandkosten an.Die H\u00f6he der Versandkosten richtet sich nach Paketgr\u00f6\u00dfe, Gewicht und Zielland und wird im Checkout transparent angezeigt. Lieferl\u00e4nder Wir liefern derzeit nach Deutschland [&hellip;]<\/p>\n","protected":false},"author":1,"featured_media":0,"parent":0,"menu_order":0,"comment_status":"closed","ping_status":"closed","template":"","meta":{"site-sidebar-layout":"no-sidebar","site-content-layout":"page-builder","ast-site-content-layout":"full-width-container","site-content-style":"default","site-sidebar-style":"default","ast-global-header-display":"","ast-banner-title-visibility":"","ast-main-header-display":"","ast-hfb-above-header-display":"","ast-hfb-below-header-display":"","ast-hfb-mobile-header-display":"","site-post-title":"disabled","ast-breadcrumbs-content":"","ast-featured-img":"disabled","footer-sml-layout":"","ast-disable-related-posts":"","theme-transparent-header-meta":"","adv-header-id-meta":"","stick-header-meta":"","header-above-stick-meta":"","header-main-stick-meta":"","header-below-stick-meta":"","astra-migrate-meta-layouts":"default","ast-page-background-enabled":"default","ast-page-background-meta":{"desktop":{"background-color":"var(--ast-global-color-4)","background-image":"","background-repeat":"repeat","background-position":"center center","background-size":"auto","background-attachment":"scroll","background-type":"","background-media":"","overlay-type":"","overlay-color":"","overlay-opacity":"","overlay-gradient":""},"tablet":{"background-color":"","background-image":"","background-repeat":"repeat","background-position":"center center","background-size":"auto","background-attachment":"scroll","background-type":"","background-media":"","overlay-type":"","overlay-color":"","overlay-opacity":"","overlay-gradient":""},"mobile":{"background-color":"","background-image":"","background-repeat":"repeat","background-position":"center center","background-size":"auto","background-attachment":"scroll","background-type":"","background-media":"","overlay-type":"","overlay-color":"","overlay-opacity":"","overlay-gradient":""}},"ast-content-background-meta":{"desktop":{"background-color":"var(--ast-global-color-5)","background-image":"","background-repeat":"repeat","background-position":"center center","background-size":"auto","background-attachment":"scroll","background-type":"","background-media":"","overlay-type":"","overlay-color":"","overlay-opacity":"","overlay-gradient":""},"tablet":{"background-color":"var(--ast-global-color-5)","background-image":"","background-repeat":"repeat","background-position":"center center","background-size":"auto","background-attachment":"scroll","background-type":"","background-media":"","overlay-type":"","overlay-color":"","overlay-opacity":"","overlay-gradient":""},"mobile":{"background-color":"var(--ast-global-color-5)","background-image":"","background-repeat":"repeat","background-position":"center center","background-size":"auto","background-attachment":"scroll","background-type":"","background-media":"","overlay-type":"","overlay-color":"","overlay-opacity":"","overlay-gradient":""}},"footnotes":""},"class_list":["post-1410","page","type-page","status-publish","hentry"],"_links":{"self":[{"href":"https:\/\/sa-baustoffe.de\/en\/wp-json\/wp\/v2\/pages\/1410","targetHints":{"allow":["GET"]}}],"collection":[{"href":"https:\/\/sa-baustoffe.de\/en\/wp-json\/wp\/v2\/pages"}],"about":[{"href":"https:\/\/sa-baustoffe.de\/en\/wp-json\/wp\/v2\/types\/page"}],"author":[{"embeddable":true,"href":"https:\/\/sa-baustoffe.de\/en\/wp-json\/wp\/v2\/users\/1"}],"replies":[{"embeddable":true,"href":"https:\/\/sa-baustoffe.de\/en\/wp-json\/wp\/v2\/comments?post=1410"}],"version-history":[{"count":10,"href":"https:\/\/sa-baustoffe.de\/en\/wp-json\/wp\/v2\/pages\/1410\/revisions"}],"predecessor-version":[{"id":3357,"href":"https:\/\/sa-baustoffe.de\/en\/wp-json\/wp\/v2\/pages\/1410\/revisions\/3357"}],"wp:attachment":[{"href":"https:\/\/sa-baustoffe.de\/en\/wp-json\/wp\/v2\/media?parent=1410"}],"curies":[{"name":"wp","href":"https:\/\/api.w.org\/{rel}","templated":true}]}}