{"id":252,"date":"2025-07-26T07:39:03","date_gmt":"2025-07-26T07:39:03","guid":{"rendered":"https:\/\/sa-baustoffe.com\/about\/"},"modified":"2026-02-10T10:40:01","modified_gmt":"2026-02-10T10:40:01","slug":"about","status":"publish","type":"page","link":"https:\/\/sa-baustoffe.de\/en\/about\/","title":{"rendered":"\u00dcber uns"},"content":{"rendered":"<div data-elementor-type=\"wp-page\" data-elementor-id=\"252\" class=\"elementor elementor-252\">\n\t\t\t\t<div class=\"elementor-element elementor-element-d98598e e-flex e-con-boxed e-con e-parent\" data-id=\"d98598e\" data-element_type=\"container\" data-e-type=\"container\" data-settings=\"{&quot;background_background&quot;:&quot;classic&quot;}\">\n\t\t\t\t\t<div class=\"e-con-inner\">\n\t\t<div class=\"elementor-element elementor-element-8e35f02 e-con-full e-flex e-con e-child\" data-id=\"8e35f02\" data-element_type=\"container\" data-e-type=\"container\">\n\t\t<div class=\"elementor-element elementor-element-dc8a5d1 e-con-full e-flex e-con e-child\" data-id=\"dc8a5d1\" data-element_type=\"container\" data-e-type=\"container\">\n\t\t<div class=\"elementor-element elementor-element-456a062 e-con-full e-flex e-con e-child\" data-id=\"456a062\" data-element_type=\"container\" data-e-type=\"container\">\n\t\t\t\t<div class=\"elementor-element elementor-element-2c153d6 elementor-widget elementor-widget-heading\" data-id=\"2c153d6\" data-element_type=\"widget\" data-e-type=\"widget\" data-widget_type=\"heading.default\">\n\t\t\t\t\t<h1 class=\"elementor-heading-title elementor-size-default\">\u00dcber uns<\/h1>\t\t\t\t<\/div>\n\t\t\t\t<\/div>\n\t\t<div class=\"elementor-element elementor-element-3fd0bca e-con-full e-flex e-con e-child\" data-id=\"3fd0bca\" data-element_type=\"container\" data-e-type=\"container\">\n\t\t\t\t<div class=\"elementor-element elementor-element-4b0f8cb elementor-widget-divider--view-line elementor-widget elementor-widget-divider\" data-id=\"4b0f8cb\" data-element_type=\"widget\" data-e-type=\"widget\" data-widget_type=\"divider.default\">\n\t\t\t\t\t\t\t<div class=\"elementor-divider\">\n\t\t\t<span class=\"elementor-divider-separator\">\n\t\t\t\t\t\t<\/span>\n\t\t<\/div>\n\t\t\t\t\t\t<\/div>\n\t\t\t\t<div class=\"elementor-element elementor-element-6c49450 elementor-widget elementor-widget-hfe-infocard\" data-id=\"6c49450\" data-element_type=\"widget\" data-e-type=\"widget\" data-widget_type=\"hfe-infocard.default\">\n\t\t\t\t<div class=\"elementor-widget-container\">\n\t\t\t\t\t\n\t\t<div class=\"hfe-infocard\">\n\t\t\t\t\t\t\t\t\t<div class=\"hfe-infocard-text-wrap\">\n\t\t\t\t<div class=\"hfe-infocard-text elementor-inline-editing\" data-elementor-setting-key=\"infocard_description\" data-elementor-inline-editing-toolbar=\"advanced\">\n\t\t\t\t\tSA Baustoffe \u2013 praxisorientierte L\u00f6sungen f\u00fcr die Flachdachabdichtung\n\nSA Baustoffe ist ein inhabergef\u00fchrtes Einzelunternehmen mit Sitz in Deutschland.\nSeit 2022 konzentrieren wir uns auf den Vertrieb von Polyester-Geotextilien f\u00fcr Fl\u00fcssigabdichtungssysteme \u2013 mit einem klaren Ziel:\nMaterialien anzubieten, die sich in der Praxis bew\u00e4hrt haben und gleichzeitig gepr\u00fcfte, nachvollziehbare Qualit\u00e4t liefern.\t\t\t\t<\/div>\n\t\t\t\t\t\t\t<\/div>\n\t\t<\/div>\n\n\t\t\t\t\t\t<\/div>\n\t\t\t\t<\/div>\n\t\t\t\t<\/div>\n\t\t\t\t<\/div>\n\t\t<div class=\"elementor-element elementor-element-4cf51e6 e-con-full e-flex e-con e-child\" data-id=\"4cf51e6\" data-element_type=\"container\" data-e-type=\"container\">\n\t\t\t\t<div class=\"elementor-element elementor-element-ccd1d4a elementor-widget elementor-widget-image\" data-id=\"ccd1d4a\" data-element_type=\"widget\" data-e-type=\"widget\" data-widget_type=\"image.default\">\n\t\t\t\t\t\t\t\t\t\t\t\t\t\t\t<img fetchpriority=\"high\" decoding=\"async\" width=\"1024\" height=\"1024\" src=\"https:\/\/sa-baustoffe.de\/wp-content\/uploads\/2026\/02\/Vlies-110-1024x1024.jpg\" class=\"attachment-large size-large wp-image-3195\" alt=\"vlies 110\" srcset=\"https:\/\/sa-baustoffe.de\/wp-content\/uploads\/2026\/02\/Vlies-110-1024x1024.jpg 1024w, https:\/\/sa-baustoffe.de\/wp-content\/uploads\/2026\/02\/Vlies-110-300x300.jpg 300w, https:\/\/sa-baustoffe.de\/wp-content\/uploads\/2026\/02\/Vlies-110-150x150.jpg 150w, https:\/\/sa-baustoffe.de\/wp-content\/uploads\/2026\/02\/Vlies-110-768x768.jpg 768w, https:\/\/sa-baustoffe.de\/wp-content\/uploads\/2026\/02\/Vlies-110-1536x1536.jpg 1536w, https:\/\/sa-baustoffe.de\/wp-content\/uploads\/2026\/02\/Vlies-110-12x12.jpg 12w, https:\/\/sa-baustoffe.de\/wp-content\/uploads\/2026\/02\/Vlies-110-400x400.jpg 400w, https:\/\/sa-baustoffe.de\/wp-content\/uploads\/2026\/02\/Vlies-110-600x600.jpg 600w, https:\/\/sa-baustoffe.de\/wp-content\/uploads\/2026\/02\/Vlies-110-100x100.jpg 100w, https:\/\/sa-baustoffe.de\/wp-content\/uploads\/2026\/02\/Vlies-110.jpg 1800w\" sizes=\"(max-width: 1024px) 100vw, 1024px\" title=\"\u00dcber uns\">\t\t\t\t\t\t\t\t\t\t\t\t\t\t\t<\/div>\n\t\t\t\t<\/div>\n\t\t<div class=\"elementor-element elementor-element-e4cd48d e-con-full e-flex e-con e-child\" data-id=\"e4cd48d\" data-element_type=\"container\" data-e-type=\"container\">\n\t\t<div class=\"elementor-element elementor-element-2dd0a9e e-con-full e-flex e-con e-child\" data-id=\"2dd0a9e\" data-element_type=\"container\" data-e-type=\"container\">\n\t\t\t\t<div class=\"elementor-element elementor-element-376e3df elementor-widget elementor-widget-heading\" data-id=\"376e3df\" data-element_type=\"widget\" data-e-type=\"widget\" data-widget_type=\"heading.default\">\n\t\t\t\t\t<h6 class=\"elementor-heading-title elementor-size-default\">Erfahrung aus der Praxis \u2013 nicht aus dem Katalog<\/h6>\t\t\t\t<\/div>\n\t\t\t\t<\/div>\n\t\t<div class=\"elementor-element elementor-element-a9c5396 e-con-full e-flex e-con e-child\" data-id=\"a9c5396\" data-element_type=\"container\" data-e-type=\"container\">\n\t\t\t\t<div class=\"elementor-element elementor-element-7167cdd elementor-widget elementor-widget-text-editor\" data-id=\"7167cdd\" data-element_type=\"widget\" data-e-type=\"widget\" data-widget_type=\"text-editor.default\">\n\t\t\t\t\t\t\t\t\t<p data-start=\"948\" data-end=\"1049\">Hinter SA Baustoffe stehen <strong data-start=\"975\" data-end=\"1038\">\u00fcber 20 Jahre Erfahrung im Vertrieb von Abdichtungssystemen<\/strong>, darunter:<\/p><ul data-start=\"1051\" data-end=\"1219\"><li data-start=\"1051\" data-end=\"1078\"><p data-start=\"1053\" data-end=\"1078\">Bitumin\u00f6se Abdichtungen<\/p><\/li><li data-start=\"1079\" data-end=\"1144\"><p data-start=\"1081\" data-end=\"1144\">Fl\u00fcssigabdichtungen auf Bitumen-, Acryl- und Polyurethanbasis<\/p><\/li><li data-start=\"1145\" data-end=\"1219\"><p data-start=\"1147\" data-end=\"1219\">Sanierung und Neubau von Flachd\u00e4chern, Terrassen und Detailanschl\u00fcssen<\/p><\/li><\/ul><p data-start=\"1221\" data-end=\"1431\">Diese langj\u00e4hrige Erfahrung hat gezeigt, dass viele Probleme bei der Verarbeitung <strong data-start=\"1303\" data-end=\"1349\">nicht durch das Abdichtungsmaterial selbst<\/strong>, sondern durch <strong data-start=\"1365\" data-end=\"1420\">ungeeignete oder unpraktische Armierungsmaterialien<\/strong> entstehen.<\/p>\t\t\t\t\t\t\t\t<\/div>\n\t\t\t\t<\/div>\n\t\t\t\t<\/div>\n\t\t<div class=\"elementor-element elementor-element-899ab82 e-con-full e-flex e-con e-child\" data-id=\"899ab82\" data-element_type=\"container\" data-e-type=\"container\">\n\t\t<div class=\"elementor-element elementor-element-c073c8a e-con-full e-flex e-con e-child\" data-id=\"c073c8a\" data-element_type=\"container\" data-e-type=\"container\">\n\t\t\t\t<div class=\"elementor-element elementor-element-43634ad elementor-widget elementor-widget-heading\" data-id=\"43634ad\" data-element_type=\"widget\" data-e-type=\"widget\" data-widget_type=\"heading.default\">\n\t\t\t\t\t<h6 class=\"elementor-heading-title elementor-size-default\">Warum genau diese Rollenbreiten?<\/h6>\t\t\t\t<\/div>\n\t\t\t\t<\/div>\n\t\t<div class=\"elementor-element elementor-element-43d7b98 e-con-full e-flex e-con e-child\" data-id=\"43d7b98\" data-element_type=\"container\" data-e-type=\"container\">\n\t\t\t\t<div class=\"elementor-element elementor-element-23ab8dc elementor-widget elementor-widget-text-editor\" data-id=\"23ab8dc\" data-element_type=\"widget\" data-e-type=\"widget\" data-widget_type=\"text-editor.default\">\n\t\t\t\t\t\t\t\t\t<p data-start=\"948\" data-end=\"1049\">Unsere Auswahl an Rollenbreiten (15 \/ 25 \/ 35 \/ 50 cm) basiert nicht auf theoretischen Annahmen, sondern auf <strong data-start=\"1584\" data-end=\"1641\">jahrelanger praktischer Beobachtung auf der Baustelle<\/strong>.<\/p><p data-start=\"1535\" data-end=\"1564\"><strong>Schmale Rollen (15\u201335 cm)<\/strong><\/p><p data-start=\"1565\" data-end=\"1752\">Bei Dacharbeiten \u2013 oft bei Wind und auf engem Raum \u2013 ist es unpraktisch, breite Geotextilbahnen auf der Baustelle in schmale Streifen zu schneiden.<br data-start=\"1712\" data-end=\"1715\" \/>Das kostet Zeit, Material und Nerven.<\/p><p data-start=\"1754\" data-end=\"1800\"><strong data-start=\"1754\" data-end=\"1787\">Vorgeschnittene Rollenbreiten<\/strong> erm\u00f6glichen:<\/p><ul data-start=\"1801\" data-end=\"1983\"><li data-start=\"1801\" data-end=\"1847\"><p data-start=\"1803\" data-end=\"1847\">sauberes Arbeiten an Innen- und Au\u00dfenecken<\/p><\/li><li data-start=\"1848\" data-end=\"1926\"><p data-start=\"1850\" data-end=\"1926\">sichere Armierung von Parapeten, Durchdringungen, Abl\u00e4ufen und Anschl\u00fcssen<\/p><\/li><li data-start=\"1927\" data-end=\"1983\"><p data-start=\"1929\" data-end=\"1983\">kontrollierte Verarbeitung ohne unn\u00f6tigen Verschnitt<\/p><\/li><\/ul><p data-start=\"1985\" data-end=\"2009\"><strong>Breite Rolle (50 cm)<\/strong><\/p><p data-start=\"2010\" data-end=\"2204\">F\u00fcr die <strong data-start=\"2018\" data-end=\"2044\">vollfl\u00e4chige Armierung<\/strong> von Dachfl\u00e4chen hat sich eine Breite von 50 cm als optimal erwiesen.<br data-start=\"2113\" data-end=\"2116\" \/>Breitere Bahnen (z. B. 1 m) sind bei Fl\u00fcssigabdichtungen deutlich schwerer zu handhaben:<\/p><ul data-start=\"2205\" data-end=\"2323\"><li data-start=\"2205\" data-end=\"2232\"><p data-start=\"2207\" data-end=\"2232\">h\u00f6here Windanf\u00e4lligkeit<\/p><\/li><li data-start=\"2233\" data-end=\"2282\"><p data-start=\"2235\" data-end=\"2282\">schwierigeres Einbetten in frische Abdichtung<\/p><\/li><li data-start=\"2283\" data-end=\"2323\"><p data-start=\"2285\" data-end=\"2323\">erh\u00f6htes Risiko von Lufteinschl\u00fcssen<\/p><\/li><\/ul><p data-start=\"2325\" data-end=\"2404\">Die 50-cm-Breite bietet hier den besten Kompromiss aus Effizienz und Kontrolle.<\/p>\t\t\t\t\t\t\t\t<\/div>\n\t\t\t\t<\/div>\n\t\t\t\t<\/div>\n\t\t<div class=\"elementor-element elementor-element-495b0f9 e-con-full e-flex e-con e-child\" data-id=\"495b0f9\" data-element_type=\"container\" data-e-type=\"container\">\n\t\t<div class=\"elementor-element elementor-element-a8d972d e-con-full e-flex e-con e-child\" data-id=\"a8d972d\" data-element_type=\"container\" data-e-type=\"container\">\n\t\t\t\t<div class=\"elementor-element elementor-element-8da8065 elementor-widget elementor-widget-heading\" data-id=\"8da8065\" data-element_type=\"widget\" data-e-type=\"widget\" data-widget_type=\"heading.default\">\n\t\t\t\t\t<h6 class=\"elementor-heading-title elementor-size-default\">Warum Polyester-Geotextil \u2013 und warum 110 g\/m\u00b2 &amp; 120 g\/m\u00b2?<\/h6>\t\t\t\t<\/div>\n\t\t\t\t<\/div>\n\t\t<div class=\"elementor-element elementor-element-5959875 e-con-full e-flex e-con e-child\" data-id=\"5959875\" data-element_type=\"container\" data-e-type=\"container\">\n\t\t\t\t<div class=\"elementor-element elementor-element-e04584b elementor-widget elementor-widget-text-editor\" data-id=\"e04584b\" data-element_type=\"widget\" data-e-type=\"widget\" data-widget_type=\"text-editor.default\">\n\t\t\t\t\t\t\t\t\t<p data-start=\"1778\" data-end=\"1861\">Wir setzen bewusst auf <strong data-start=\"1801\" data-end=\"1824\">Polyester-Geotextil<\/strong>, da es im Vergleich zu Polypropylen:<\/p><ul data-start=\"1863\" data-end=\"2021\"><li data-start=\"1863\" data-end=\"1911\"><p data-start=\"1865\" data-end=\"1911\">Fl\u00fcssigabdichtungen deutlich besser aufnimmt<\/p><\/li><li data-start=\"1912\" data-end=\"1960\"><p data-start=\"1914\" data-end=\"1960\">schneller und gleichm\u00e4\u00dfiger durchtr\u00e4nkt wird<\/p><\/li><li data-start=\"1961\" data-end=\"2021\"><p data-start=\"1963\" data-end=\"2021\">eine homogene, spannungsarme Abdichtungsebene erm\u00f6glicht<\/p><\/li><\/ul><p data-start=\"2023\" data-end=\"2140\">Nicht ohne Grund bestehen auch saugf\u00e4hige technische Vliesstoffe aus Polyester \u2013 wenn auch mit anderen Eigenschaften.<\/p><p data-start=\"2142\" data-end=\"2185\"><strong>Gepr\u00fcfte Qualit\u00e4t nach DIN EN ISO 10319<\/strong><\/p><p data-start=\"2187\" data-end=\"2500\">Sowohl das <strong data-start=\"2198\" data-end=\"2230\">Polyester-Geotextil 110 g\/m\u00b2<\/strong> als auch das <strong data-start=\"2244\" data-end=\"2276\">Polyester-Geotextil 120 g\/m\u00b2<\/strong> wurden <strong data-start=\"2284\" data-end=\"2317\">nach DIN EN ISO 10319 gepr\u00fcft<\/strong>.<br data-start=\"2318\" data-end=\"2321\" \/>Diese Norm best\u00e4tigt die <strong data-start=\"2346\" data-end=\"2398\">mechanischen Eigenschaften und die Zugfestigkeit<\/strong> des Materials und stellt sicher, dass es den Anforderungen im Bau- und Abdichtungsbereich entspricht.<\/p><p data-start=\"2502\" data-end=\"2607\">Damit verbindet SA Baustoffe <strong data-start=\"2531\" data-end=\"2562\">praxisbew\u00e4hrte Verarbeitung<\/strong> mit <strong data-start=\"2567\" data-end=\"2606\">objektiv gepr\u00fcfter Materialqualit\u00e4t<\/strong>.<\/p><p data-start=\"2847\" data-end=\"2883\"><strong>110 g\/m\u00b2 \u2013 der bew\u00e4hrte Standard<\/strong><\/p><p data-start=\"2884\" data-end=\"3080\">Das Fl\u00e4chengewicht von <strong data-start=\"2907\" data-end=\"2919\">110 g\/m\u00b2<\/strong> gilt in Deutschland als bew\u00e4hrter Standard f\u00fcr viele Fl\u00fcssigabdichtungssysteme und ist h\u00e4ufig in ETA- und Systemfreigaben zu finden.<br data-start=\"3052\" data-end=\"3055\" \/>Es eignet sich ideal f\u00fcr:<\/p><ul data-start=\"3081\" data-end=\"3155\"><li data-start=\"3081\" data-end=\"3105\"><p data-start=\"3083\" data-end=\"3105\">Standardabdichtungen<\/p><\/li><li data-start=\"3106\" data-end=\"3121\"><p data-start=\"3108\" data-end=\"3121\">Sanierungen<\/p><\/li><li data-start=\"3122\" data-end=\"3155\"><p data-start=\"3124\" data-end=\"3155\">Detail- und Anschlussbereiche<\/p><\/li><\/ul><p data-start=\"3157\" data-end=\"3197\"><strong>120 g\/m\u00b2 \u2013 f\u00fcr erh\u00f6hte Anforderungen<\/strong><\/p><p data-start=\"3198\" data-end=\"3305\">F\u00fcr besonders beanspruchte oder schwer zug\u00e4ngliche Bereiche bieten wir <strong data-start=\"3269\" data-end=\"3301\">Polyester-Geotextil 120 g\/m\u00b2<\/strong> an.<\/p><p data-start=\"3307\" data-end=\"3375\">Dieses Material wird zus\u00e4tzlich <strong data-start=\"3339\" data-end=\"3369\">mit Polyesterf\u00e4den vern\u00e4ht<\/strong>, was:<\/p><ul data-start=\"3376\" data-end=\"3499\"><li data-start=\"3376\" data-end=\"3405\"><p data-start=\"3378\" data-end=\"3405\">die Rei\u00dffestigkeit erh\u00f6ht<\/p><\/li><li data-start=\"3406\" data-end=\"3435\"><p data-start=\"3408\" data-end=\"3435\">das Vlies mikroperforiert<\/p><\/li><li data-start=\"3436\" data-end=\"3499\"><p data-start=\"3438\" data-end=\"3499\">die Durchtr\u00e4nkung mit Fl\u00fcssigabdichtungen weiter verbessert<\/p><\/li><\/ul><p data-start=\"3501\" data-end=\"3588\">Das Ergebnis ist ein <strong data-start=\"3522\" data-end=\"3556\">extra robustes Armierungsvlies<\/strong> f\u00fcr anspruchsvolle Anwendungen.<\/p>\t\t\t\t\t\t\t\t<\/div>\n\t\t\t\t<\/div>\n\t\t\t\t<\/div>\n\t\t<div class=\"elementor-element elementor-element-0c204cc e-con-full e-flex e-con e-child\" data-id=\"0c204cc\" data-element_type=\"container\" data-e-type=\"container\">\n\t\t<div class=\"elementor-element elementor-element-8f64069 e-con-full e-flex e-con e-child\" data-id=\"8f64069\" data-element_type=\"container\" data-e-type=\"container\">\n\t\t\t\t<div class=\"elementor-element elementor-element-bdd0ff4 elementor-widget elementor-widget-heading\" data-id=\"bdd0ff4\" data-element_type=\"widget\" data-e-type=\"widget\" data-widget_type=\"heading.default\">\n\t\t\t\t\t<h6 class=\"elementor-heading-title elementor-size-default\">Meterware \u2013 nur so viel wie n\u00f6tig<\/h6>\t\t\t\t<\/div>\n\t\t\t\t<\/div>\n\t\t<div class=\"elementor-element elementor-element-1240ad4 e-con-full e-flex e-con e-child\" data-id=\"1240ad4\" data-element_type=\"container\" data-e-type=\"container\">\n\t\t\t\t<div class=\"elementor-element elementor-element-4e322a1 elementor-widget elementor-widget-text-editor\" data-id=\"4e322a1\" data-element_type=\"widget\" data-e-type=\"widget\" data-widget_type=\"text-editor.default\">\n\t\t\t\t\t\t\t\t\t<p data-start=\"3633\" data-end=\"3745\">Nicht jedes Projekt erfordert eine ganze Rolle.<br data-start=\"3680\" data-end=\"3683\" \/>Deshalb bieten wir unsere Geotextilien auch <strong data-start=\"3727\" data-end=\"3741\">meterweise<\/strong> an.<\/p><p data-start=\"3747\" data-end=\"3779\">So k\u00f6nnen Heimwerker und Profis:<\/p><ul data-start=\"3780\" data-end=\"3869\"><li data-start=\"3780\" data-end=\"3819\"><p data-start=\"3782\" data-end=\"3819\">exakt die ben\u00f6tigte Menge bestellen<\/p><\/li><li data-start=\"3820\" data-end=\"3839\"><p data-start=\"3822\" data-end=\"3839\">Material sparen<\/p><\/li><li data-start=\"3840\" data-end=\"3869\"><p data-start=\"3842\" data-end=\"3869\">wirtschaftlicher arbeiten<\/p><\/li><\/ul>\t\t\t\t\t\t\t\t<\/div>\n\t\t\t\t<\/div>\n\t\t\t\t<\/div>\n\t\t<div class=\"elementor-element elementor-element-ece43d1 e-con-full e-flex e-con e-child\" data-id=\"ece43d1\" data-element_type=\"container\" data-e-type=\"container\">\n\t\t<div class=\"elementor-element elementor-element-bca7da7 e-con-full e-flex e-con e-child\" data-id=\"bca7da7\" data-element_type=\"container\" data-e-type=\"container\">\n\t\t\t\t<div class=\"elementor-element elementor-element-0e02547 elementor-widget elementor-widget-heading\" data-id=\"0e02547\" data-element_type=\"widget\" data-e-type=\"widget\" data-widget_type=\"heading.default\">\n\t\t\t\t\t<h6 class=\"elementor-heading-title elementor-size-default\">F\u00fcr Heimwerker und Profis<\/h6>\t\t\t\t<\/div>\n\t\t\t\t<\/div>\n\t\t<div class=\"elementor-element elementor-element-a1023b2 e-con-full e-flex e-con e-child\" data-id=\"a1023b2\" data-element_type=\"container\" data-e-type=\"container\">\n\t\t\t\t<div class=\"elementor-element elementor-element-3465f23 elementor-widget elementor-widget-text-editor\" data-id=\"3465f23\" data-element_type=\"widget\" data-e-type=\"widget\" data-widget_type=\"text-editor.default\">\n\t\t\t\t\t\t\t\t\t<p data-start=\"3543\" data-end=\"3588\">Unsere Produkte sind so ausgew\u00e4hlt, dass sie:<\/p><ul data-start=\"3590\" data-end=\"3749\"><li data-start=\"3590\" data-end=\"3639\"><p data-start=\"3592\" data-end=\"3639\"><strong data-start=\"3592\" data-end=\"3632\">kontrolliert und sicher verarbeitbar<\/strong> sind<\/p><\/li><li data-start=\"3640\" data-end=\"3705\"><p data-start=\"3642\" data-end=\"3705\"><strong data-start=\"3642\" data-end=\"3703\">den Anforderungen professioneller Anwendungen entsprechen<\/strong><\/p><\/li><li data-start=\"3706\" data-end=\"3749\"><p data-start=\"3708\" data-end=\"3749\"><strong data-start=\"3708\" data-end=\"3742\">nach relevanten Normen gepr\u00fcft<\/strong> sind<\/p><\/li><\/ul><p data-start=\"3751\" data-end=\"3922\">Damit eignen sie sich sowohl f\u00fcr <strong data-start=\"3784\" data-end=\"3812\">ambitionierte Heimwerker<\/strong> als auch f\u00fcr <strong data-start=\"3826\" data-end=\"3865\">Dachdecker- und Abdichtungsbetriebe<\/strong>, die reproduzierbare und langlebige Ergebnisse erwarten.<\/p>\t\t\t\t\t\t\t\t<\/div>\n\t\t\t\t<\/div>\n\t\t\t\t<\/div>\n\t\t\t\t<\/div>\n\t\t\t\t\t<\/div>\n\t\t\t\t<\/div>\n\t\t<div class=\"elementor-element elementor-element-a3e6f60 e-flex e-con-boxed e-con e-parent\" data-id=\"a3e6f60\" data-element_type=\"container\" data-e-type=\"container\" data-settings=\"{&quot;background_background&quot;:&quot;classic&quot;}\">\n\t\t\t\t\t<div class=\"e-con-inner\">\n\t\t\t\t<div class=\"elementor-element elementor-element-b7beed6 elementor-widget elementor-widget-text-editor\" data-id=\"b7beed6\" data-element_type=\"widget\" data-e-type=\"widget\" data-widget_type=\"text-editor.default\">\n\t\t\t\t\t\t\t\t\t<p>Wenn Sie wissen m\u00f6chten, welche Rollenbreite oder Grammatur zu Ihrem Projekt passt, finden Sie auf den Produktseiten konkrete Empfehlungen aus der Praxis.<\/p>\t\t\t\t\t\t\t\t<\/div>\n\t\t\t\t<div class=\"elementor-element elementor-element-98ae39c elementor-align-center elementor-widget elementor-widget-button\" data-id=\"98ae39c\" data-element_type=\"widget\" data-e-type=\"widget\" data-widget_type=\"button.default\">\n\t\t\t\t\t\t\t\t\t\t<a class=\"elementor-button elementor-button-link elementor-size-sm\" href=\"https:\/\/sa-baustoffe.com\/shop-2\/\" rel=\"nofollow noopener\" target=\"_blank\">\n\t\t\t\t\t\t<span class=\"elementor-button-content-wrapper\">\n\t\t\t\t\t\t\t\t\t<span class=\"elementor-button-text\">Passendes Material finden<\/span>\n\t\t\t\t\t<\/span>\n\t\t\t\t\t<\/a>\n\t\t\t\t\t\t\t\t<\/div>\n\t\t\t\t\t<\/div>\n\t\t\t\t<\/div>\n\t\t\t\t<\/div>","protected":false},"excerpt":{"rendered":"<p>\u00dcber uns SA Baustoffe \u2013 praxisorientierte L\u00f6sungen f\u00fcr die Flachdachabdichtung SA Baustoffe ist ein inhabergef\u00fchrtes Einzelunternehmen mit Sitz in Deutschland. Seit 2022 konzentrieren wir uns auf den Vertrieb von Polyester-Geotextilien f\u00fcr Fl\u00fcssigabdichtungssysteme \u2013 mit einem klaren Ziel: Materialien anzubieten, die sich in der Praxis bew\u00e4hrt haben und gleichzeitig gepr\u00fcfte, nachvollziehbare Qualit\u00e4t liefern. Erfahrung aus der [&hellip;]<\/p>\n","protected":false},"author":1,"featured_media":0,"parent":0,"menu_order":0,"comment_status":"closed","ping_status":"closed","template":"","meta":{"site-sidebar-layout":"no-sidebar","site-content-layout":"page-builder","ast-site-content-layout":"full-width-container","site-content-style":"unboxed","site-sidebar-style":"unboxed","ast-global-header-display":"","ast-banner-title-visibility":"","ast-main-header-display":"","ast-hfb-above-header-display":"","ast-hfb-below-header-display":"","ast-hfb-mobile-header-display":"","site-post-title":"disabled","ast-breadcrumbs-content":"disabled","ast-featured-img":"disabled","footer-sml-layout":"","ast-disable-related-posts":"","theme-transparent-header-meta":"default","adv-header-id-meta":"","stick-header-meta":"","header-above-stick-meta":"","header-main-stick-meta":"","header-below-stick-meta":"","astra-migrate-meta-layouts":"set","ast-page-background-enabled":"default","ast-page-background-meta":{"desktop":{"background-color":"var(--ast-global-color-4)","background-image":"","background-repeat":"repeat","background-position":"center center","background-size":"auto","background-attachment":"scroll","background-type":"","background-media":"","overlay-type":"","overlay-color":"","overlay-opacity":"","overlay-gradient":""},"tablet":{"background-color":"","background-image":"","background-repeat":"repeat","background-position":"center center","background-size":"auto","background-attachment":"scroll","background-type":"","background-media":"","overlay-type":"","overlay-color":"","overlay-opacity":"","overlay-gradient":""},"mobile":{"background-color":"","background-image":"","background-repeat":"repeat","background-position":"center center","background-size":"auto","background-attachment":"scroll","background-type":"","background-media":"","overlay-type":"","overlay-color":"","overlay-opacity":"","overlay-gradient":""}},"ast-content-background-meta":{"desktop":{"background-color":"var(--ast-global-color-5)","background-image":"","background-repeat":"repeat","background-position":"center center","background-size":"auto","background-attachment":"scroll","background-type":"","background-media":"","overlay-type":"","overlay-color":"","overlay-opacity":"","overlay-gradient":""},"tablet":{"background-color":"var(--ast-global-color-5)","background-image":"","background-repeat":"repeat","background-position":"center center","background-size":"auto","background-attachment":"scroll","background-type":"","background-media":"","overlay-type":"","overlay-color":"","overlay-opacity":"","overlay-gradient":""},"mobile":{"background-color":"var(--ast-global-color-5)","background-image":"","background-repeat":"repeat","background-position":"center center","background-size":"auto","background-attachment":"scroll","background-type":"","background-media":"","overlay-type":"","overlay-color":"","overlay-opacity":"","overlay-gradient":""}},"footnotes":""},"class_list":["post-252","page","type-page","status-publish","hentry"],"_links":{"self":[{"href":"https:\/\/sa-baustoffe.de\/en\/wp-json\/wp\/v2\/pages\/252","targetHints":{"allow":["GET"]}}],"collection":[{"href":"https:\/\/sa-baustoffe.de\/en\/wp-json\/wp\/v2\/pages"}],"about":[{"href":"https:\/\/sa-baustoffe.de\/en\/wp-json\/wp\/v2\/types\/page"}],"author":[{"embeddable":true,"href":"https:\/\/sa-baustoffe.de\/en\/wp-json\/wp\/v2\/users\/1"}],"replies":[{"embeddable":true,"href":"https:\/\/sa-baustoffe.de\/en\/wp-json\/wp\/v2\/comments?post=252"}],"version-history":[{"count":13,"href":"https:\/\/sa-baustoffe.de\/en\/wp-json\/wp\/v2\/pages\/252\/revisions"}],"predecessor-version":[{"id":3209,"href":"https:\/\/sa-baustoffe.de\/en\/wp-json\/wp\/v2\/pages\/252\/revisions\/3209"}],"wp:attachment":[{"href":"https:\/\/sa-baustoffe.de\/en\/wp-json\/wp\/v2\/media?parent=252"}],"curies":[{"name":"wp","href":"https:\/\/api.w.org\/{rel}","templated":true}]}}