{"id":357,"date":"2025-07-26T07:39:03","date_gmt":"2025-07-26T07:39:03","guid":{"rendered":"https:\/\/sa-baustoffe.com\/contact\/"},"modified":"2026-02-10T14:37:39","modified_gmt":"2026-02-10T14:37:39","slug":"contact","status":"publish","type":"page","link":"https:\/\/sa-baustoffe.de\/en\/contact\/","title":{"rendered":"Kontakt"},"content":{"rendered":"\t\t<div data-elementor-type=\"wp-page\" data-elementor-id=\"357\" class=\"elementor elementor-357\">\n\t\t\t\t<div class=\"elementor-element elementor-element-35a501f e-flex e-con-boxed e-con e-parent\" data-id=\"35a501f\" data-element_type=\"container\" data-e-type=\"container\" data-settings=\"{&quot;background_background&quot;:&quot;classic&quot;}\">\n\t\t\t\t\t<div class=\"e-con-inner\">\n\t\t<div class=\"elementor-element elementor-element-6f170e2 e-con-full e-flex e-con e-child\" data-id=\"6f170e2\" data-element_type=\"container\" data-e-type=\"container\">\n\t\t\t\t<div class=\"elementor-element elementor-element-e58c697 elementor-widget elementor-widget-heading\" data-id=\"e58c697\" data-element_type=\"widget\" data-e-type=\"widget\" data-widget_type=\"heading.default\">\n\t\t\t\t\t<h2 class=\"elementor-heading-title elementor-size-default\">Kontakt &amp; Beratung<\/h2>\t\t\t\t<\/div>\n\t\t\t\t<div class=\"elementor-element elementor-element-e05032d elementor-widget elementor-widget-text-editor\" data-id=\"e05032d\" data-element_type=\"widget\" data-e-type=\"widget\" data-widget_type=\"text-editor.default\">\n\t\t\t\t\t\t\t\t\t<p>Pers\u00f6nliche Beratung zu Rollenbreite, Grammatur und Einsatzbereich \u2013\u00a0praxisnah, ehrlich und unverbindlich.<\/p>\t\t\t\t\t\t\t\t<\/div>\n\t\t\t\t<div class=\"elementor-element elementor-element-05351a5 elementor-widget elementor-widget-text-editor\" data-id=\"05351a5\" data-element_type=\"widget\" data-e-type=\"widget\" data-widget_type=\"text-editor.default\">\n\t\t\t\t\t\t\t\t\t<p>SA Baustoffe ist ein reiner Online-Shop.<br data-start=\"1046\" data-end=\"1049\" \/>Der Verkauf erfolgt ausschlie\u00dflich online mit Versand.<\/p>\t\t\t\t\t\t\t\t<\/div>\n\t\t\t\t<div class=\"elementor-element elementor-element-c5509d9 elementor-widget elementor-widget-heading\" data-id=\"c5509d9\" data-element_type=\"widget\" data-e-type=\"widget\" data-widget_type=\"heading.default\">\n\t\t\t\t\t<h2 class=\"elementor-heading-title elementor-size-default\">So erreichen Sie uns<\/h2>\t\t\t\t<\/div>\n\t\t\t\t<div class=\"elementor-element elementor-element-e96687e elementor-widget__width-initial elementor-widget elementor-widget-text-editor\" data-id=\"e96687e\" data-element_type=\"widget\" data-e-type=\"widget\" data-widget_type=\"text-editor.default\">\n\t\t\t\t\t\t\t\t\t<p data-start=\"1545\" data-end=\"1573\"><strong data-start=\"1545\" data-end=\"1571\">Verkauf &amp; Lieferung<\/strong><\/p><ul data-start=\"1574\" data-end=\"1696\"><li data-start=\"1574\" data-end=\"1607\"><p data-start=\"1576\" data-end=\"1607\">Verkauf ausschlie\u00dflich online<\/p><\/li><li data-start=\"1608\" data-end=\"1646\"><p data-start=\"1610\" data-end=\"1646\">Lieferung per Versanddienstleister<\/p><\/li><li data-start=\"1647\" data-end=\"1696\"><p data-start=\"1649\" data-end=\"1696\">Kein station\u00e4res Ladengesch\u00e4ft (Verkauf ausschlie\u00dflich online)<\/p><\/li><\/ul><p data-start=\"1698\" data-end=\"1715\"><strong data-start=\"1698\" data-end=\"1713\">Abholung<\/strong><\/p><ul data-start=\"1716\" data-end=\"1788\"><li data-start=\"1716\" data-end=\"1750\"><p data-start=\"1718\" data-end=\"1750\">Abholung grunds\u00e4tzlich m\u00f6glich<\/p><\/li><li data-start=\"1751\" data-end=\"1788\"><p data-start=\"1753\" data-end=\"1788\"><strong data-start=\"1753\" data-end=\"1786\">Nur nach vorheriger Absprache<\/strong><\/p><\/li><\/ul><p data-start=\"1790\" data-end=\"1807\"><strong data-start=\"1790\" data-end=\"1805\">Beratung<\/strong><\/p><ul data-start=\"1808\" data-end=\"1872\"><li data-start=\"1808\" data-end=\"1842\"><p data-start=\"1810\" data-end=\"1842\">Unterst\u00fctzung bei Materialwahl<\/p><\/li><li data-start=\"1843\" data-end=\"1872\"><p data-start=\"1845\" data-end=\"1872\">F\u00fcr Heimwerker und Profis<\/p><\/li><\/ul>\t\t\t\t\t\t\t\t<\/div>\n\t\t\t\t<div class=\"elementor-element elementor-element-5f4e1a6 elementor-widget elementor-widget-text-editor\" data-id=\"5f4e1a6\" data-element_type=\"widget\" data-e-type=\"widget\" data-widget_type=\"text-editor.default\">\n\t\t\t\t\t\t\t\t\t<p><strong data-start=\"2094\" data-end=\"2115\">Erreichbarkeit<\/strong><br data-start=\"2115\" data-end=\"2118\" \/>Mo\u2013Fr \u00b7 08:00\u201318:00<\/p>\t\t\t\t\t\t\t\t<\/div>\n\t\t\t\t<div class=\"elementor-element elementor-element-06910d4 elementor-widget elementor-widget-text-editor\" data-id=\"06910d4\" data-element_type=\"widget\" data-e-type=\"widget\" data-widget_type=\"text-editor.default\">\n\t\t\t\t\t\t\t\t\t<p>Wenn Sie bereits wissen, welches Material Sie ben\u00f6tigen,<br data-start=\"2470\" data-end=\"2473\" \/>finden Sie alle Varianten direkt im Shop.<\/p>\t\t\t\t\t\t\t\t<\/div>\n\t\t\t\t<div class=\"elementor-element elementor-element-9e65ba7 elementor-widget elementor-widget-button\" data-id=\"9e65ba7\" data-element_type=\"widget\" data-e-type=\"widget\" data-widget_type=\"button.default\">\n\t\t\t\t\t\t\t\t\t\t<a class=\"elementor-button elementor-button-link elementor-size-sm\" href=\"https:\/\/sa-baustoffe.com\/shop-2\/\" rel=\"nofollow noopener\" target=\"_blank\">\n\t\t\t\t\t\t<span class=\"elementor-button-content-wrapper\">\n\t\t\t\t\t\t\t\t\t<span class=\"elementor-button-text\">Zum Shop<\/span>\n\t\t\t\t\t<\/span>\n\t\t\t\t\t<\/a>\n\t\t\t\t\t\t\t\t<\/div>\n\t\t\t\t<\/div>\n\t\t<div class=\"elementor-element elementor-element-3723913 e-con-full e-flex e-con e-child\" data-id=\"3723913\" data-element_type=\"container\" data-e-type=\"container\">\n\t\t\t\t<div class=\"elementor-element elementor-element-175a213 elementor-widget elementor-widget-heading\" data-id=\"175a213\" data-element_type=\"widget\" data-e-type=\"widget\" data-widget_type=\"heading.default\">\n\t\t\t\t\t<h3 class=\"elementor-heading-title elementor-size-default\">Schreiben Sie uns<\/h3>\t\t\t\t<\/div>\n\t\t\t\t<div class=\"elementor-element elementor-element-727d14a elementor-widget elementor-widget-wpforms\" data-id=\"727d14a\" data-element_type=\"widget\" data-e-type=\"widget\" data-widget_type=\"wpforms.default\">\n\t\t\t\t<div class=\"elementor-widget-container\">\n\t\t\t\t\t<div class=\"wpforms-container \" id=\"wpforms-71\"><form id=\"wpforms-form-71\" class=\"wpforms-validate wpforms-form wpforms-ajax-form\" data-formid=\"71\" method=\"post\" enctype=\"multipart\/form-data\" action=\"\/en\/wp-json\/wp\/v2\/pages\/357\" data-token=\"86099197d58b2a9dd74aef8a8f979ac0\" data-token-time=\"1775888627\"><noscript class=\"wpforms-error-noscript\">Please enable JavaScript in your browser to complete this form.<\/noscript><div class=\"wpforms-field-container\"><div id=\"wpforms-71-field_0-container\" class=\"wpforms-field wpforms-field-name\" data-field-id=\"0\"><label class=\"wpforms-field-label\" for=\"wpforms-71-field_0\">Name <span class=\"wpforms-required-label\">*<\/span><\/label><input type=\"text\" id=\"wpforms-71-field_0\" class=\"wpforms-field-large wpforms-field-required\" name=\"wpforms[fields][0]\" placeholder=\"Vorname, Name\" required><\/div><div id=\"wpforms-71-field_1-container\" class=\"wpforms-field wpforms-field-email\" data-field-id=\"1\"><label class=\"wpforms-field-label\" for=\"wpforms-71-field_1\">E-Mail <span class=\"wpforms-required-label\">*<\/span><\/label><input type=\"email\" id=\"wpforms-71-field_1\" class=\"wpforms-field-large wpforms-field-required\" name=\"wpforms[fields][1]\" placeholder=\"E-Mail Adresse\" spellcheck=\"false\" required><\/div><div id=\"wpforms-71-field_2-container\" class=\"wpforms-field wpforms-field-textarea\" data-field-id=\"2\"><label class=\"wpforms-field-label\" for=\"wpforms-71-field_2\">Nachricht <span class=\"wpforms-required-label\">*<\/span><\/label><textarea id=\"wpforms-71-field_2\" class=\"wpforms-field-medium wpforms-field-required\" name=\"wpforms[fields][2]\" placeholder=\"Ihre Nachricht\" required><\/textarea><\/div><div id=\"wpforms-71-field_6-container\" class=\"wpforms-field wpforms-field-checkbox\" data-field-id=\"6\"><label class=\"wpforms-field-label\">Datenschutz <span class=\"wpforms-required-label\">*<\/span><\/label><ul id=\"wpforms-71-field_6\" class=\"wpforms-field-required\"><li class=\"choice-3 depth-1\"><input type=\"checkbox\" id=\"wpforms-71-field_6_3\" name=\"wpforms[fields][6][]\" value=\"Ich habe die &lt;a href=&quot;\/datenschutzerklaerung\/&quot; target=&quot;https:\/\/sa-baustoffe.com\/datenschutzerklaerung\/&quot;&gt;Datenschutzerkl\u00e4rung&lt;\/a&gt; gelesen und stimme der Verarbeitung meiner Daten zur Bearbeitung meiner Anfrage zu.\" required ><label class=\"wpforms-field-label-inline\" for=\"wpforms-71-field_6_3\">Ich habe die <a href=\"\/datenschutzerklaerung\/\" target=\"https:\/\/sa-baustoffe.com\/datenschutzerklaerung\/\">Datenschutzerkl\u00e4rung<\/a> gelesen und stimme der Verarbeitung meiner Daten zur Bearbeitung meiner Anfrage zu.<\/label><\/li><\/ul><\/div><\/div><!-- .wpforms-field-container --><div class=\"wpforms-submit-container\" ><input type=\"hidden\" name=\"wpforms[id]\" value=\"71\"><input type=\"hidden\" name=\"page_title\" value=\"\"><input type=\"hidden\" name=\"page_url\" value=\"https:\/\/sa-baustoffe.de\/en\/wp-json\/wp\/v2\/pages\/357\"><input type=\"hidden\" name=\"url_referer\" value=\"\"><button type=\"submit\" name=\"wpforms[submit]\" id=\"wpforms-submit-71\" class=\"wpforms-submit\" data-alt-text=\"Sending...\" data-submit-text=\"Nachricht senden\" aria-live=\"assertive\" value=\"wpforms-submit\">Nachricht senden<\/button><img decoding=\"async\" src=\"https:\/\/sa-baustoffe.de\/wp-content\/plugins\/wpforms-lite\/assets\/images\/submit-spin.svg\" class=\"wpforms-submit-spinner\" style=\"display: none;\" width=\"26\" height=\"26\" alt=\"Loading\" title=\"Kontakt\"><\/div><\/form><\/div>  <!-- .wpforms-container -->\t\t\t\t<\/div>\n\t\t\t\t<\/div>\n\t\t\t\t<div class=\"elementor-element elementor-element-2870c33 elementor-widget elementor-widget-text-editor\" data-id=\"2870c33\" data-element_type=\"widget\" data-e-type=\"widget\" data-widget_type=\"text-editor.default\">\n\t\t\t\t\t\t\t\t\t<p><em>Wir beantworten Anfragen in der Regel innerhalb von 24 Stunden.<\/em><\/p>\t\t\t\t\t\t\t\t<\/div>\n\t\t<div class=\"elementor-element elementor-element-95348fb e-con-full e-flex e-con e-child\" data-id=\"95348fb\" data-element_type=\"container\" data-e-type=\"container\">\n\t\t\t\t<div class=\"elementor-element elementor-element-707c468 elementor-widget elementor-widget-icon-box\" data-id=\"707c468\" data-element_type=\"widget\" data-e-type=\"widget\" data-widget_type=\"icon-box.default\">\n\t\t\t\t\t\t\t<div class=\"elementor-icon-box-wrapper\">\n\n\t\t\t\n\t\t\t\t\t\t<div class=\"elementor-icon-box-content\">\n\n\t\t\t\t\t\t\t\t\t<h6 class=\"elementor-icon-box-title\">\n\t\t\t\t\t\t<span  >\n\t\t\t\t\t\t\tE-Mail\t\t\t\t\t\t<\/span>\n\t\t\t\t\t<\/h6>\n\t\t\t\t\n\t\t\t\t\t\t\t\t\t<p class=\"elementor-icon-box-description\">\n\t\t\t\t\t\tinfo@as-baustoffe.com\t\t\t\t\t<\/p>\n\t\t\t\t\n\t\t\t<\/div>\n\t\t\t\n\t\t<\/div>\n\t\t\t\t\t\t<\/div>\n\t\t\t\t<div class=\"elementor-element elementor-element-13f2d96 elementor-widget elementor-widget-icon-box\" data-id=\"13f2d96\" data-element_type=\"widget\" data-e-type=\"widget\" data-widget_type=\"icon-box.default\">\n\t\t\t\t\t\t\t<div class=\"elementor-icon-box-wrapper\">\n\n\t\t\t\n\t\t\t\t\t\t<div class=\"elementor-icon-box-content\">\n\n\t\t\t\t\t\t\t\t\t<h6 class=\"elementor-icon-box-title\">\n\t\t\t\t\t\t<span  >\n\t\t\t\t\t\t\tTelefon\t\t\t\t\t\t<\/span>\n\t\t\t\t\t<\/h6>\n\t\t\t\t\n\t\t\t\t\t\t\t\t\t<p class=\"elementor-icon-box-description\">\n\t\t\t\t\t\t+491796048315\t\t\t\t\t<\/p>\n\t\t\t\t\n\t\t\t<\/div>\n\t\t\t\n\t\t<\/div>\n\t\t\t\t\t\t<\/div>\n\t\t\t\t<div class=\"elementor-element elementor-element-a6a694c elementor-widget elementor-widget-text-editor\" data-id=\"a6a694c\" data-element_type=\"widget\" data-e-type=\"widget\" data-widget_type=\"text-editor.default\">\n\t\t\t\t\t\t\t\t\t<p><em>Falls wir nicht erreichbar sind, melden wir uns zeitnah zur\u00fcck.<\/em><\/p>\t\t\t\t\t\t\t\t<\/div>\n\t\t\t\t<\/div>\n\t\t\t\t<\/div>\n\t\t\t\t\t<\/div>\n\t\t\t\t<\/div>\n\t\t\t\t<\/div>\n\t\t","protected":false},"excerpt":{"rendered":"<p>Kontakt &amp; Beratung Pers\u00f6nliche Beratung zu Rollenbreite, Grammatur und Einsatzbereich \u2013\u00a0praxisnah, ehrlich und unverbindlich. SA Baustoffe ist ein reiner Online-Shop.Der Verkauf erfolgt ausschlie\u00dflich online mit Versand. So erreichen Sie uns Verkauf &amp; Lieferung Verkauf ausschlie\u00dflich online Lieferung per Versanddienstleister Kein station\u00e4res Ladengesch\u00e4ft (Verkauf ausschlie\u00dflich online) Abholung Abholung grunds\u00e4tzlich m\u00f6glich Nur nach vorheriger Absprache Beratung Unterst\u00fctzung [&hellip;]<\/p>\n","protected":false},"author":1,"featured_media":0,"parent":0,"menu_order":0,"comment_status":"closed","ping_status":"closed","template":"","meta":{"site-sidebar-layout":"no-sidebar","site-content-layout":"page-builder","ast-site-content-layout":"full-width-container","site-content-style":"unboxed","site-sidebar-style":"unboxed","ast-global-header-display":"","ast-banner-title-visibility":"","ast-main-header-display":"","ast-hfb-above-header-display":"","ast-hfb-below-header-display":"","ast-hfb-mobile-header-display":"","site-post-title":"disabled","ast-breadcrumbs-content":"disabled","ast-featured-img":"disabled","footer-sml-layout":"","ast-disable-related-posts":"","theme-transparent-header-meta":"default","adv-header-id-meta":"","stick-header-meta":"","header-above-stick-meta":"","header-main-stick-meta":"","header-below-stick-meta":"","astra-migrate-meta-layouts":"set","ast-page-background-enabled":"default","ast-page-background-meta":{"desktop":{"background-color":"var(--ast-global-color-4)","background-image":"","background-repeat":"repeat","background-position":"center center","background-size":"auto","background-attachment":"scroll","background-type":"","background-media":"","overlay-type":"","overlay-color":"","overlay-opacity":"","overlay-gradient":""},"tablet":{"background-color":"","background-image":"","background-repeat":"repeat","background-position":"center center","background-size":"auto","background-attachment":"scroll","background-type":"","background-media":"","overlay-type":"","overlay-color":"","overlay-opacity":"","overlay-gradient":""},"mobile":{"background-color":"","background-image":"","background-repeat":"repeat","background-position":"center center","background-size":"auto","background-attachment":"scroll","background-type":"","background-media":"","overlay-type":"","overlay-color":"","overlay-opacity":"","overlay-gradient":""}},"ast-content-background-meta":{"desktop":{"background-color":"var(--ast-global-color-5)","background-image":"","background-repeat":"repeat","background-position":"center center","background-size":"auto","background-attachment":"scroll","background-type":"","background-media":"","overlay-type":"","overlay-color":"","overlay-opacity":"","overlay-gradient":""},"tablet":{"background-color":"var(--ast-global-color-5)","background-image":"","background-repeat":"repeat","background-position":"center center","background-size":"auto","background-attachment":"scroll","background-type":"","background-media":"","overlay-type":"","overlay-color":"","overlay-opacity":"","overlay-gradient":""},"mobile":{"background-color":"var(--ast-global-color-5)","background-image":"","background-repeat":"repeat","background-position":"center center","background-size":"auto","background-attachment":"scroll","background-type":"","background-media":"","overlay-type":"","overlay-color":"","overlay-opacity":"","overlay-gradient":""}},"footnotes":""},"class_list":["post-357","page","type-page","status-publish","hentry"],"_links":{"self":[{"href":"https:\/\/sa-baustoffe.de\/en\/wp-json\/wp\/v2\/pages\/357","targetHints":{"allow":["GET"]}}],"collection":[{"href":"https:\/\/sa-baustoffe.de\/en\/wp-json\/wp\/v2\/pages"}],"about":[{"href":"https:\/\/sa-baustoffe.de\/en\/wp-json\/wp\/v2\/types\/page"}],"author":[{"embeddable":true,"href":"https:\/\/sa-baustoffe.de\/en\/wp-json\/wp\/v2\/users\/1"}],"replies":[{"embeddable":true,"href":"https:\/\/sa-baustoffe.de\/en\/wp-json\/wp\/v2\/comments?post=357"}],"version-history":[{"count":13,"href":"https:\/\/sa-baustoffe.de\/en\/wp-json\/wp\/v2\/pages\/357\/revisions"}],"predecessor-version":[{"id":3228,"href":"https:\/\/sa-baustoffe.de\/en\/wp-json\/wp\/v2\/pages\/357\/revisions\/3228"}],"wp:attachment":[{"href":"https:\/\/sa-baustoffe.de\/en\/wp-json\/wp\/v2\/media?parent=357"}],"curies":[{"name":"wp","href":"https:\/\/api.w.org\/{rel}","templated":true}]}}